{"id":464,"date":"2022-04-09T15:53:31","date_gmt":"2022-04-09T15:53:31","guid":{"rendered":"https:\/\/virtualtec.cl\/temas\/abogados\/?page_id=464"},"modified":"2022-04-09T15:56:58","modified_gmt":"2022-04-09T15:56:58","slug":"nosotros","status":"publish","type":"page","link":"https:\/\/virtualtec.cl\/temas\/abogados\/nosotros\/","title":{"rendered":"Nosotros"},"content":{"rendered":"\n<p>Nuestra experiencia profesional en juicios de alta complejidad, la ponemos a disposici\u00f3n de nuestros clientes para abordar los litigios desde todas las aristas posibles, con inclusi\u00f3n de ser necesaria, de asesor\u00eda en comunicaci\u00f3n estrat\u00e9gica ante los medios de prensa.<\/p>\n\n\n\n<p>Creemos firmemente que, el ejercicio de la profesi\u00f3n de Abogado debe estar al servicio de todos, nuestra profesi\u00f3n es fruto del esfuerzo individual y familiar. Por eso, no hacemos distinci\u00f3n alguna con nuestros clientes, todos son importantes.<\/p>\n\n\n\n<h2 class=\"wp-block-heading\">Conversemos<\/h2>\n\n\n<div class=\"forminator-ui forminator-custom-form forminator-custom-form-378 forminator-design--default  forminator_ajax\" data-forminator-render=\"0\" data-form=\"forminator-module-378\" data-uid=\"69d0d47e1d204\"><br\/><\/div><form\n\t\t\t\tid=\"forminator-module-378\"\n\t\t\t\tclass=\"forminator-ui forminator-custom-form forminator-custom-form-378 forminator-design--default  forminator_ajax\"\n\t\t\t\tmethod=\"post\"\n\t\t\t\tdata-forminator-render=\"0\"\n\t\t\t\tdata-form-id=\"378\"\n\t\t\t\t\n\t\t\t\tdata-design=\"default\"\n\t\t\t\t\n\t\t\t\t\n\t\t\t\t\n\t\t\t\tdata-grid=\"open\"\n\t\t\t\t\n\t\t\t\t\n\t\t\t\tstyle=\"display: none;\"\n\t\t\t\t\n\t\t\t\tdata-uid=\"69d0d47e1d204\"\n\t\t\t><div role=\"alert\" aria-live=\"polite\" class=\"forminator-response-message forminator-error\" aria-hidden=\"true\"><\/div><div class=\"forminator-row\"><div id=\"name-1\" class=\"forminator-field-name forminator-col forminator-col-12 \"><div class=\"forminator-field\"><label for=\"forminator-field-name-1_69d0d47e1d204\" id=\"forminator-field-name-1_69d0d47e1d204-label\" class=\"forminator-label\">Nombre <span class=\"forminator-required\">*<\/span><\/label><input type=\"text\" name=\"name-1\" value=\"\" placeholder=\"Ejemplo: Juan\" id=\"forminator-field-name-1_69d0d47e1d204\" class=\"forminator-input forminator-name--field\" aria-required=\"true\" \/><\/div><\/div><\/div><div class=\"forminator-row\"><div id=\"email-1\" class=\"forminator-field-email forminator-col forminator-col-12 \"><div class=\"forminator-field\"><label for=\"forminator-field-email-1_69d0d47e1d204\" id=\"forminator-field-email-1_69d0d47e1d204-label\" class=\"forminator-label\">Correo electr\u00f3nico <span class=\"forminator-required\">*<\/span><\/label><input type=\"email\" name=\"email-1\" value=\"\" placeholder=\"Ej . : micorreo@gmail.com\" id=\"forminator-field-email-1_69d0d47e1d204\" class=\"forminator-input forminator-email--field\" data-required=\"true\" aria-required=\"true\" \/><\/div><\/div><\/div><div class=\"forminator-row\"><div id=\"phone-1\" class=\"forminator-field-phone forminator-col forminator-col-12 \"><div class=\"forminator-field\"><label for=\"forminator-field-phone-1_69d0d47e1d204\" id=\"forminator-field-phone-1_69d0d47e1d204-label\" class=\"forminator-label\">N\u00famero de tel\u00e9fono<\/label><input type=\"text\" name=\"phone-1\" value=\"\" placeholder=\"Ejemplo: +569 12345678\" id=\"forminator-field-phone-1_69d0d47e1d204\" class=\"forminator-input forminator-field--phone\" data-required=\"\" aria-required=\"false\" autocomplete=\"off\" \/><\/div><\/div><\/div><div class=\"forminator-row\"><div id=\"textarea-1\" class=\"forminator-field-textarea forminator-col forminator-col-12 \"><div class=\"forminator-field\"><label for=\"forminator-field-textarea-1_69d0d47e1d204\" id=\"forminator-field-textarea-1_69d0d47e1d204-label\" class=\"forminator-label\">Mensaje<\/label><textarea name=\"textarea-1\" placeholder=\"Introduce tu mensaje...\" id=\"forminator-field-textarea-1_69d0d47e1d204\" class=\"forminator-textarea\" rows=\"6\" style=\"min-height:140px;\" maxlength=\"180\" ><\/textarea><span id=\"forminator-field-textarea-1_69d0d47e1d204-description\" class=\"forminator-description\"><span data-limit=\"180\" data-type=\"characters\">0 \/ 180<\/span><\/span><\/div><\/div><\/div><input type=\"hidden\" name=\"referer_url\" value=\"\" \/><div class=\"forminator-row forminator-row-last\"><div class=\"forminator-col\"><div class=\"forminator-field\"><button class=\"forminator-button forminator-button-submit\">Enviar mensaje<\/button><\/div><\/div><\/div><input type=\"hidden\" id=\"forminator_nonce\" name=\"forminator_nonce\" value=\"044282a480\" \/><input type=\"hidden\" name=\"_wp_http_referer\" value=\"\/temas\/abogados\/wp-json\/wp\/v2\/pages\/464\" \/><input type=\"hidden\" name=\"form_id\" value=\"378\"><input type=\"hidden\" name=\"page_id\" value=\"464\"><input type=\"hidden\" name=\"form_type\" value=\"default\"><input type=\"hidden\" name=\"current_url\" value=\"https:\/\/virtualtec.cl\/temas\/abogados\/nosotros\/\"><input type=\"hidden\" name=\"render_id\" value=\"0\"><input type=\"hidden\" name=\"action\" value=\"forminator_submit_form_custom-forms\"><\/form>\n","protected":false},"excerpt":{"rendered":"<p>Nuestra experiencia profesional en juicios de alta complejidad, la ponemos a disposici\u00f3n de nuestros clientes para abordar los litigios desde todas las aristas posibles, con inclusi\u00f3n de ser necesaria, de asesor\u00eda en comunicaci\u00f3n estrat\u00e9gica ante los medios de prensa. Creemos firmemente que, el ejercicio de la profesi\u00f3n de Abogado debe estar al servicio de todos, [&hellip;]<\/p>\n","protected":false},"author":1,"featured_media":0,"parent":0,"menu_order":0,"comment_status":"closed","ping_status":"closed","template":"","meta":{"footnotes":""},"_links":{"self":[{"href":"https:\/\/virtualtec.cl\/temas\/abogados\/wp-json\/wp\/v2\/pages\/464"}],"collection":[{"href":"https:\/\/virtualtec.cl\/temas\/abogados\/wp-json\/wp\/v2\/pages"}],"about":[{"href":"https:\/\/virtualtec.cl\/temas\/abogados\/wp-json\/wp\/v2\/types\/page"}],"author":[{"embeddable":true,"href":"https:\/\/virtualtec.cl\/temas\/abogados\/wp-json\/wp\/v2\/users\/1"}],"replies":[{"embeddable":true,"href":"https:\/\/virtualtec.cl\/temas\/abogados\/wp-json\/wp\/v2\/comments?post=464"}],"version-history":[{"count":2,"href":"https:\/\/virtualtec.cl\/temas\/abogados\/wp-json\/wp\/v2\/pages\/464\/revisions"}],"predecessor-version":[{"id":471,"href":"https:\/\/virtualtec.cl\/temas\/abogados\/wp-json\/wp\/v2\/pages\/464\/revisions\/471"}],"wp:attachment":[{"href":"https:\/\/virtualtec.cl\/temas\/abogados\/wp-json\/wp\/v2\/media?parent=464"}],"curies":[{"name":"wp","href":"https:\/\/api.w.org\/{rel}","templated":true}]}}