{"id":479,"date":"2022-04-09T18:07:35","date_gmt":"2022-04-09T18:07:35","guid":{"rendered":"https:\/\/virtualtec.cl\/temas\/abogados\/?page_id=479"},"modified":"2023-04-30T18:06:53","modified_gmt":"2023-04-30T18:06:53","slug":"areas-de-practica","status":"publish","type":"page","link":"https:\/\/virtualtec.cl\/temas\/abogados\/areas-de-practica\/","title":{"rendered":"\u00c1reas de pr\u00e1ctica"},"content":{"rendered":"<div data-colibri-id=\"479-c1\" class=\"style-409 style-local-479-c1 position-relative\">\r\n  <!---->\r\n  <div data-colibri-component=\"section\" data-colibri-id=\"479-c2\" id=\"custom\" class=\"h-section h-section-global-spacing d-flex align-items-lg-center align-items-md-center align-items-center style-421 style-local-479-c2 position-relative\">\r\n    <!---->\r\n    <!---->\r\n    <div class=\"h-section-grid-container h-section-boxed-container\">\r\n      <!---->\r\n      <div data-colibri-id=\"479-c3\" class=\"h-row-container gutters-row-lg-2 gutters-row-md-2 gutters-row-0 gutters-row-v-lg-2 gutters-row-v-md-2 gutters-row-v-2 style-422 style-local-479-c3 position-relative\">\r\n        <!---->\r\n        <div class=\"h-row justify-content-lg-center justify-content-md-center justify-content-center align-items-lg-stretch align-items-md-stretch align-items-stretch gutters-col-lg-2 gutters-col-md-2 gutters-col-0 gutters-col-v-lg-2 gutters-col-v-md-2 gutters-col-v-2\">\r\n          <!---->\r\n          <div class=\"h-column h-column-container d-flex h-col-lg-auto h-col-md-auto h-col-auto style-423-outer style-local-479-c4-outer\">\r\n            <div data-colibri-id=\"479-c4\" class=\"d-flex h-flex-basis h-column__inner h-px-lg-2 h-px-md-2 h-px-2 v-inner-lg-2 v-inner-md-2 v-inner-2 style-423 style-local-479-c4 position-relative\">\r\n              <!---->\r\n              <!---->\r\n              <div class=\"w-100 h-y-container h-column__content h-column__v-align flex-basis-100 align-self-lg-start align-self-md-start align-self-start\">\r\n                <!---->\r\n                <div data-colibri-id=\"479-c6\" class=\"h-global-transition-all h-heading style-425 style-local-479-c6 position-relative h-element\">\r\n                  <!---->\r\n                  <div class=\"h-heading__outer style-425 style-local-479-c6\">\r\n                    <!---->\r\n                    <!---->\r\n                    <h2 class=\"\">Derecho de Familia<\/h2>\r\n                  <\/div>\r\n                <\/div>\r\n                <div data-colibri-id=\"479-c21\" class=\"h-text h-text-component style-440 style-local-479-c21 position-relative h-element\">\r\n                  <!---->\r\n                  <!---->\r\n                  <div class=\"\">\r\n                    <p>Sabemos las complejidades y consecuencias que traen en el \u00e1mbito familiar, los hechos relativos a Divorcios, Alimentos, Visitas y Tuici\u00f3n de los hijos, por eso nos ponemos a su disposici\u00f3n para apoyarlo ante los Tribunales de Familia.<\/p>\r\n                  <\/div>\r\n                <\/div>\r\n              <\/div>\r\n            <\/div>\r\n          <\/div>\r\n          <div class=\"h-column h-column-container d-flex h-col-lg-auto h-col-md-auto h-col-auto style-424-outer style-local-479-c5-outer\">\r\n            <div data-colibri-id=\"479-c5\" class=\"d-flex h-flex-basis h-column__inner h-px-lg-2 h-px-md-2 h-px-2 v-inner-lg-2 v-inner-md-2 v-inner-2 style-424 style-local-479-c5 position-relative\">\r\n              <!---->\r\n              <!---->\r\n              <div class=\"w-100 h-y-container h-column__content h-column__v-align flex-basis-100 align-self-lg-start align-self-md-start align-self-start\">\r\n                <!---->\r\n                <div data-colibri-id=\"479-c9\" class=\"h-global-transition-all h-heading style-428 style-local-479-c9 position-relative h-element\">\r\n                  <!---->\r\n                  <div class=\"h-heading__outer style-428 style-local-479-c9\">\r\n                    <!---->\r\n                    <!---->\r\n                    <h2 class=\"\">Derecho Laboral<\/h2>\r\n                  <\/div>\r\n                <\/div>\r\n                <div data-colibri-id=\"479-c22\" class=\"h-text h-text-component style-441 style-local-479-c22 position-relative h-element\">\r\n                  <!---->\r\n                  <!---->\r\n                  <div class=\"\">\r\n                    <p>Representamos a trabajadores y empresas en juicios de car\u00e1cter laboral y entregamos asesor\u00eda en materia de contratos individuales y colectivos. Asimismo, comparecemos ante la Inspecci\u00f3n del Trabajo.<\/p>\r\n                  <\/div>\r\n                <\/div>\r\n              <\/div>\r\n            <\/div>\r\n          <\/div>\r\n        <\/div>\r\n      <\/div>\r\n      <div data-colibri-id=\"479-c11\" class=\"h-row-container gutters-row-lg-2 gutters-row-md-2 gutters-row-0 gutters-row-v-lg-2 gutters-row-v-md-2 gutters-row-v-2 style-430 style-local-479-c11 position-relative\">\r\n        <!---->\r\n        <div class=\"h-row justify-content-lg-center justify-content-md-center justify-content-center align-items-lg-stretch align-items-md-stretch align-items-stretch gutters-col-lg-2 gutters-col-md-2 gutters-col-0 gutters-col-v-lg-2 gutters-col-v-md-2 gutters-col-v-2\">\r\n          <!---->\r\n          <div class=\"h-column h-column-container d-flex h-col-lg-auto h-col-md-auto h-col-auto style-431-outer style-local-479-c12-outer\">\r\n            <div data-colibri-id=\"479-c12\" class=\"d-flex h-flex-basis h-column__inner h-px-lg-2 h-px-md-2 h-px-2 v-inner-lg-2 v-inner-md-2 v-inner-2 style-431 style-local-479-c12 position-relative\">\r\n              <!---->\r\n              <!---->\r\n              <div class=\"w-100 h-y-container h-column__content h-column__v-align flex-basis-100 align-self-lg-start align-self-md-start align-self-start\">\r\n                <!---->\r\n                <div data-colibri-id=\"479-c14\" class=\"h-global-transition-all h-heading style-433 style-local-479-c14 position-relative h-element\">\r\n                  <!---->\r\n                  <div class=\"h-heading__outer style-433 style-local-479-c14\">\r\n                    <!---->\r\n                    <!---->\r\n                    <h2 class=\"\">Derecho Penal<\/h2>\r\n                  <\/div>\r\n                <\/div>\r\n                <div data-colibri-id=\"479-c23\" class=\"h-text h-text-component style-442 style-local-479-c23 position-relative h-element\">\r\n                  <!---->\r\n                  <!---->\r\n                  <div class=\"\">\r\n                    <p>Nuestra experiencia nos permite afrontar todo tipo de casos, desde los m\u00e1s comunes hasta alta complejidad, defendiendo los intereses de nuestros clientes, tanto como querellantes, como defensores particulares.<\/p>\r\n                  <\/div>\r\n                <\/div>\r\n              <\/div>\r\n            <\/div>\r\n          <\/div>\r\n          <div class=\"h-column h-column-container d-flex h-col-lg-auto h-col-md-auto h-col-auto style-432-outer style-local-479-c13-outer\">\r\n            <div data-colibri-id=\"479-c13\" class=\"d-flex h-flex-basis h-column__inner h-px-lg-2 h-px-md-2 h-px-2 v-inner-lg-2 v-inner-md-2 v-inner-2 style-432 style-local-479-c13 position-relative\">\r\n              <!---->\r\n              <!---->\r\n              <div class=\"w-100 h-y-container h-column__content h-column__v-align flex-basis-100 align-self-lg-start align-self-md-start align-self-start\">\r\n                <!---->\r\n                <div data-colibri-id=\"479-c15\" class=\"h-global-transition-all h-heading style-434 style-local-479-c15 position-relative h-element\">\r\n                  <!---->\r\n                  <div class=\"h-heading__outer style-434 style-local-479-c15\">\r\n                    <!---->\r\n                    <!---->\r\n                    <h2 class=\"\">Derecho Civil<\/h2>\r\n                  <\/div>\r\n                <\/div>\r\n                <div data-colibri-id=\"479-c24\" class=\"h-text h-text-component style-443 style-local-479-c24 position-relative h-element\">\r\n                  <!---->\r\n                  <!---->\r\n                  <div class=\"\">\r\n                    <p>Representamos para cobrar cr\u00e9ditos, defensas civiles, liquidaciones concursales, herencias y particiones, responsabilidad contractual y extra contractual.<\/p>\r\n                  <\/div>\r\n                <\/div>\r\n              <\/div>\r\n            <\/div>\r\n          <\/div>\r\n        <\/div>\r\n      <\/div>\r\n      <div data-colibri-id=\"479-c16\" class=\"h-row-container gutters-row-lg-2 gutters-row-md-2 gutters-row-0 gutters-row-v-lg-2 gutters-row-v-md-2 gutters-row-v-2 style-435 style-local-479-c16 position-relative\">\r\n        <!---->\r\n        <div class=\"h-row justify-content-lg-center justify-content-md-center justify-content-center align-items-lg-stretch align-items-md-stretch align-items-stretch gutters-col-lg-2 gutters-col-md-2 gutters-col-0 gutters-col-v-lg-2 gutters-col-v-md-2 gutters-col-v-2\">\r\n          <!---->\r\n          <div class=\"h-column h-column-container d-flex h-col-lg-auto h-col-md-auto h-col-auto style-436-outer style-local-479-c17-outer\">\r\n            <div data-colibri-id=\"479-c17\" class=\"d-flex h-flex-basis h-column__inner h-px-lg-2 h-px-md-2 h-px-2 v-inner-lg-2 v-inner-md-2 v-inner-2 style-436 style-local-479-c17 position-relative\">\r\n              <!---->\r\n              <!---->\r\n              <div class=\"w-100 h-y-container h-column__content h-column__v-align flex-basis-100 align-self-lg-start align-self-md-start align-self-start\">\r\n                <!---->\r\n                <div data-colibri-id=\"479-c19\" class=\"h-global-transition-all h-heading style-438 style-local-479-c19 position-relative h-element\">\r\n                  <!---->\r\n                  <div class=\"h-heading__outer style-438 style-local-479-c19\">\r\n                    <!---->\r\n                    <!---->\r\n                    <h2 class=\"\">Sociedades y Derecho Comercial<\/h2>\r\n                  <\/div>\r\n                <\/div>\r\n                <div data-colibri-id=\"479-c26\" class=\"h-text h-text-component style-445 style-local-479-c26 position-relative h-element\">\r\n                  <!---->\r\n                  <!---->\r\n                  <div class=\"\">\r\n                    <p>Asesor\u00eda, redacci\u00f3n de contratos de sociedad y defensa en conflictos contractuales o societarios.<\/p>\r\n                  <\/div>\r\n                <\/div>\r\n              <\/div>\r\n            <\/div>\r\n          <\/div>\r\n          <div class=\"h-column h-column-container d-flex h-col-lg-auto h-col-md-auto h-col-auto style-437-outer style-local-479-c18-outer\">\r\n            <div data-colibri-id=\"479-c18\" class=\"d-flex h-flex-basis h-column__inner h-px-lg-2 h-px-md-2 h-px-2 v-inner-lg-2 v-inner-md-2 v-inner-2 style-437 style-local-479-c18 position-relative\">\r\n              <!---->\r\n              <!---->\r\n              <div class=\"w-100 h-y-container h-column__content h-column__v-align flex-basis-100 align-self-lg-start align-self-md-start align-self-start\">\r\n                <!---->\r\n                <div data-colibri-id=\"479-c20\" class=\"h-global-transition-all h-heading style-439 style-local-479-c20 position-relative h-element\">\r\n                  <!---->\r\n                  <div class=\"h-heading__outer style-439 style-local-479-c20\">\r\n                    <!---->\r\n                    <!---->\r\n                    <h2 class=\"\">Derecho Administrativo<\/h2>\r\n                  <\/div>\r\n                <\/div>\r\n                <div data-colibri-id=\"479-c25\" class=\"h-text h-text-component style-444 style-local-479-c25 position-relative h-element\">\r\n                  <!---->\r\n                  <!---->\r\n                  <div class=\"\">\r\n                    <p>Prestamos asesor\u00edas jur\u00eddicas en materias de licitaciones con el Estado, ante entes regulatorios y fiscalizadores como Superintendencias de Educaci\u00f3n, Comisi\u00f3n Mercado Financiero y Contralor\u00eda General de la Rep\u00fablica. Asumimos defensa\r\n                      en procesos Administrativos disciplinarios.<\/p>\r\n                  <\/div>\r\n                <\/div>\r\n              <\/div>\r\n            <\/div>\r\n          <\/div>\r\n        <\/div>\r\n      <\/div>\r\n    <\/div>\r\n  <\/div>\r\n<\/div>","protected":false},"excerpt":{"rendered":"<p>Derecho de Familia Sabemos las complejidades y consecuencias que traen en el \u00e1mbito familiar, los hechos relativos a Divorcios, Alimentos, Visitas y Tuici\u00f3n de los hijos, por eso nos ponemos a su disposici\u00f3n para apoyarlo ante los Tribunales de Familia. Derecho Laboral Representamos a trabajadores y empresas en juicios de car\u00e1cter laboral y entregamos asesor\u00eda [&hellip;]<\/p>\n","protected":false},"author":1,"featured_media":0,"parent":0,"menu_order":0,"comment_status":"closed","ping_status":"closed","template":"page-templates\/full-width-page.php","meta":{"footnotes":""},"_links":{"self":[{"href":"https:\/\/virtualtec.cl\/temas\/abogados\/wp-json\/wp\/v2\/pages\/479"}],"collection":[{"href":"https:\/\/virtualtec.cl\/temas\/abogados\/wp-json\/wp\/v2\/pages"}],"about":[{"href":"https:\/\/virtualtec.cl\/temas\/abogados\/wp-json\/wp\/v2\/types\/page"}],"author":[{"embeddable":true,"href":"https:\/\/virtualtec.cl\/temas\/abogados\/wp-json\/wp\/v2\/users\/1"}],"replies":[{"embeddable":true,"href":"https:\/\/virtualtec.cl\/temas\/abogados\/wp-json\/wp\/v2\/comments?post=479"}],"version-history":[{"count":11,"href":"https:\/\/virtualtec.cl\/temas\/abogados\/wp-json\/wp\/v2\/pages\/479\/revisions"}],"predecessor-version":[{"id":528,"href":"https:\/\/virtualtec.cl\/temas\/abogados\/wp-json\/wp\/v2\/pages\/479\/revisions\/528"}],"wp:attachment":[{"href":"https:\/\/virtualtec.cl\/temas\/abogados\/wp-json\/wp\/v2\/media?parent=479"}],"curies":[{"name":"wp","href":"https:\/\/api.w.org\/{rel}","templated":true}]}}