{"id":5,"date":"2022-05-01T11:56:40","date_gmt":"2022-05-01T11:56:40","guid":{"rendered":"https:\/\/colibriwp-work.colibriwp.com\/business-ii\/colibri-wp\/"},"modified":"2023-10-25T14:52:01","modified_gmt":"2023-10-25T14:52:01","slug":"inicio","status":"publish","type":"page","link":"https:\/\/virtualtec.cl\/temas\/barberia\/","title":{"rendered":"Inicio"},"content":{"rendered":"<div data-colibri-id=\"5-c1\" class=\"style-395 style-local-5-c1 position-relative\">\n  <!---->\n  <div data-colibri-component=\"section\" data-colibri-id=\"5-c2\" id=\"custom\" class=\"h-section h-section-global-spacing d-flex align-items-lg-center align-items-md-center align-items-center style-411 style-local-5-c2 position-relative\">\n    <!---->\n    <!---->\n    <div class=\"h-section-grid-container h-section-boxed-container\">\n      <!---->\n      <div data-colibri-id=\"5-c3\" class=\"h-row-container gutters-row-lg-2 gutters-row-md-2 gutters-row-0 gutters-row-v-lg-2 gutters-row-v-md-2 gutters-row-v-2 style-412 style-local-5-c3 position-relative\">\n        <!---->\n        <div class=\"h-row justify-content-lg-center justify-content-md-center justify-content-center align-items-lg-stretch align-items-md-stretch align-items-stretch gutters-col-lg-2 gutters-col-md-2 gutters-col-0 gutters-col-v-lg-2 gutters-col-v-md-2 gutters-col-v-2\">\n          <!---->\n          <div class=\"h-column h-column-container d-flex h-col-lg-auto h-col-md-auto h-col-auto style-413-outer style-local-5-c4-outer\">\n            <div data-colibri-id=\"5-c4\" class=\"d-flex h-flex-basis h-column__inner h-px-lg-2 h-px-md-2 h-px-2 v-inner-lg-2 v-inner-md-2 v-inner-2 style-413 style-local-5-c4 position-relative\">\n              <!---->\n              <!---->\n              <div class=\"w-100 h-y-container h-column__content h-column__v-align flex-basis-100 align-self-lg-center align-self-md-center align-self-center\">\n                <!---->\n                <div data-colibri-id=\"5-c5\" class=\"h-global-transition-all h-heading style-415 style-local-5-c5 position-relative h-element\">\n                  <!---->\n                  <div class=\"h-heading__outer style-415 style-local-5-c5\">\n                    <!---->\n                    <!---->\n                    <h5 class=\"\">Nuestro compromiso<\/h5>\n                  <\/div>\n                <\/div>\n                <div data-colibri-id=\"5-c6\" class=\"h-global-transition-all h-heading style-416 style-local-5-c6 position-relative h-element\">\n                  <!---->\n                  <div class=\"h-heading__outer style-416 style-local-5-c6\">\n                    <!---->\n                    <!---->\n                    <h2 class=\"\">Nosotros<\/h2>\n                  <\/div>\n                <\/div>\n                <div data-colibri-id=\"5-c7\" class=\"h-text h-text-component style-417 style-local-5-c7 position-relative h-element\">\n                  <!---->\n                  <!---->\n                  <div class=\"\">\n                    <p>En Mi Barber\u00eda nos hacemos responsables del cuidado integral masculino a trav\u00e9s de un servicio de excelencia y arraigado en las antiguas tradiciones, en un ambiente \u00fanico e inspirado en las cl\u00e1sicas barber\u00edas de anta\u00f1o, con una atenci\u00f3n\n                      de primer nivel m\u00e1s un amplio cat\u00e1logo de productos con stock permanente. Experimenta, descubre y vive junto a nosotros el arte de la barber\u00eda cl\u00e1sica. \u00a1Te esperamos!<\/p>\n                  <\/div>\n                <\/div>\n              <\/div>\n            <\/div>\n          <\/div>\n          <div class=\"h-column h-column-container d-flex h-col-lg-auto h-col-md-auto h-col-auto style-414-outer style-local-5-c8-outer\">\n            <div data-colibri-id=\"5-c8\" class=\"d-flex h-flex-basis h-column__inner h-px-lg-2 h-px-md-2 h-px-2 v-inner-lg-2 v-inner-md-2 v-inner-2 style-414 style-local-5-c8 position-relative\">\n              <!---->\n              <!---->\n              <div class=\"w-100 h-y-container h-column__content h-column__v-align flex-basis-100 align-self-lg-center align-self-md-center align-self-center\">\n                <!---->\n                <div data-colibri-id=\"5-c9\" class=\"d-block style-420 style-local-5-c9 position-relative h-element\">\n                  <!---->\n                  <div class=\"h-image__frame-container-outer\">\n                    <div class=\"h-image__frame-container\">\n                      <!---->\n                      <!---->\n                      <img decoding=\"async\" loading=\"lazy\" width=\"709\" height=\"481\" src=\"https:\/\/virtualtec.cl\/temas\/barberia\/wp-content\/uploads\/sites\/3\/2022\/05\/barberia-inicio.jpg\" class=\"wp-image-1549 style-420-image style-local-5-c9-image\" srcset=\"https:\/\/virtualtec.cl\/temas\/barberia\/wp-content\/uploads\/sites\/3\/2022\/05\/barberia-inicio.jpg 709w, https:\/\/virtualtec.cl\/temas\/barberia\/wp-content\/uploads\/sites\/3\/2022\/05\/barberia-inicio-300x204.jpg 300w\" sizes=\"(max-width: 709px) 100vw, 709px\" alt=\"\" \/>\n                      <div class=\"h-image__frame h-hide-lg h-hide-md h-hide-sm style-420-frameImage style-local-5-c9-frameImage\"><\/div>\n                    <\/div>\n                  <\/div>\n                <\/div>\n              <\/div>\n            <\/div>\n          <\/div>\n        <\/div>\n      <\/div>\n    <\/div>\n  <\/div>\n  <div data-colibri-component=\"section\" data-colibri-id=\"5-c10\" id=\"content\" class=\"h-section h-section-global-spacing d-flex align-items-lg-center align-items-md-center align-items-center style-421 style-local-5-c10 position-relative\">\n    <!---->\n    <!---->\n    <div class=\"h-section-grid-container h-section-boxed-container\">\n      <!---->\n      <div data-colibri-id=\"5-c11\" class=\"h-row-container gutters-row-lg-2 gutters-row-md-2 gutters-row-2 gutters-row-v-lg-2 gutters-row-v-md-2 gutters-row-v-2 style-422 style-local-5-c11 position-relative\">\n        <!---->\n        <div class=\"h-row justify-content-lg-center justify-content-md-center justify-content-center align-items-lg-stretch align-items-md-stretch align-items-stretch gutters-col-lg-2 gutters-col-md-2 gutters-col-2 gutters-col-v-lg-2 gutters-col-v-md-2 gutters-col-v-2\">\n          <!---->\n          <div class=\"h-column h-column-container d-flex h-col-lg-auto h-col-md-auto h-col-auto style-423-outer style-local-5-c12-outer\">\n            <div data-colibri-id=\"5-c12\" class=\"d-flex h-flex-basis h-column__inner h-px-lg-0 h-px-md-0 h-px-0 v-inner-lg-0 v-inner-md-0 v-inner-0 style-423 style-local-5-c12 position-relative\">\n              <!---->\n              <!---->\n              <div class=\"w-100 h-y-container h-column__content h-column__v-align flex-basis-100 align-self-lg-center align-self-md-center align-self-center\">\n                <!---->\n                <div data-colibri-id=\"5-c13\" class=\"h-row-container gutters-row-lg-2 gutters-row-md-2 gutters-row-0 gutters-row-v-lg-2 gutters-row-v-md-2 gutters-row-v-2 style-906 style-local-5-c13 position-relative\">\n                  <!---->\n                  <div class=\"h-row justify-content-lg-center justify-content-md-center justify-content-center align-items-lg-stretch align-items-md-stretch align-items-stretch gutters-col-lg-2 gutters-col-md-2 gutters-col-0 gutters-col-v-lg-2 gutters-col-v-md-2 gutters-col-v-2\">\n                    <!---->\n                    <div class=\"h-column h-column-container d-flex h-col-lg-4 h-col-md-4 h-col-12 style-907-outer style-local-5-c14-outer\">\n                      <div data-colibri-id=\"5-c14\" class=\"d-flex h-flex-basis h-column__inner h-px-lg-2 h-px-md-2 h-px-2 v-inner-lg-2 v-inner-md-2 v-inner-2 style-907 style-local-5-c14 position-relative\">\n                        <!---->\n                        <!---->\n                        <div class=\"w-100 h-y-container h-column__content h-column__v-align flex-basis-100 align-self-lg-start align-self-md-start align-self-start\">\n                          <!---->\n                          <div data-colibri-id=\"5-c15\" class=\"d-block style-914 style-local-5-c15 position-relative h-element\">\n                            <!---->\n                            <div class=\"h-image__frame-container-outer\">\n                              <div class=\"h-image__frame-container\">\n                                <!---->\n                                <!---->\n                                <img decoding=\"async\" loading=\"lazy\" width=\"142\" height=\"101\" src=\"https:\/\/virtualtec.cl\/temas\/barberia\/wp-content\/uploads\/sites\/3\/2022\/05\/tijera.jpg\" class=\"wp-image-1631 style-914-image style-local-5-c15-image\" alt=\"\" \/>\n                                <div class=\"h-image__frame h-hide-lg h-hide-md h-hide-sm style-914-frameImage style-local-5-c15-frameImage\"><\/div>\n                              <\/div>\n                            <\/div>\n                          <\/div>\n                          <div data-colibri-id=\"5-c16\" class=\"h-text h-text-component style-915 style-local-5-c16 position-relative h-element\">\n                            <!---->\n                            <!---->\n                            <div class=\"\">\n                              <h4>Corte de cabello<\/h4>\n                            <\/div>\n                          <\/div>\n                        <\/div>\n                      <\/div>\n                    <\/div>\n                    <div class=\"h-column h-column-container d-flex h-col-lg-4 h-col-md-4 h-col-12 style-908-outer style-local-5-c17-outer\">\n                      <div data-colibri-id=\"5-c17\" class=\"d-flex h-flex-basis h-column__inner h-px-lg-2 h-px-md-2 h-px-2 v-inner-lg-2 v-inner-md-2 v-inner-2 style-908 style-local-5-c17 position-relative\">\n                        <!---->\n                        <!---->\n                        <div class=\"w-100 h-y-container h-column__content h-column__v-align flex-basis-100 align-self-lg-start align-self-md-start align-self-start\">\n                          <!---->\n                          <div data-colibri-id=\"5-c18\" class=\"d-block style-916 style-local-5-c18 position-relative h-element\">\n                            <!---->\n                            <div class=\"h-image__frame-container-outer\">\n                              <div class=\"h-image__frame-container\">\n                                <!---->\n                                <!---->\n                                <img decoding=\"async\" loading=\"lazy\" width=\"142\" height=\"101\" src=\"https:\/\/virtualtec.cl\/temas\/barberia\/wp-content\/uploads\/sites\/3\/2022\/05\/navaja.jpg\" class=\"wp-image-1630 style-916-image style-local-5-c18-image\" alt=\"\" \/>\n                                <div class=\"h-image__frame h-hide-lg h-hide-md h-hide-sm style-916-frameImage style-local-5-c18-frameImage\"><\/div>\n                              <\/div>\n                            <\/div>\n                          <\/div>\n                          <div data-colibri-id=\"5-c19\" class=\"h-text h-text-component style-917 style-local-5-c19 position-relative h-element\">\n                            <!---->\n                            <!---->\n                            <div class=\"\">\n                              <h4>Perfilado de barba<\/h4>\n                            <\/div>\n                          <\/div>\n                        <\/div>\n                      <\/div>\n                    <\/div>\n                    <div class=\"h-column h-column-container d-flex h-col-lg-4 h-col-md-4 h-col-12 style-909-outer style-local-5-c20-outer\">\n                      <div data-colibri-id=\"5-c20\" class=\"d-flex h-flex-basis h-column__inner h-px-lg-2 h-px-md-2 h-px-2 v-inner-lg-2 v-inner-md-2 v-inner-2 style-909 style-local-5-c20 position-relative\">\n                        <!---->\n                        <!---->\n                        <div class=\"w-100 h-y-container h-column__content h-column__v-align flex-basis-100 align-self-lg-start align-self-md-start align-self-start\">\n                          <!---->\n                          <div data-colibri-id=\"5-c21\" class=\"d-block style-919 style-local-5-c21 position-relative h-element\">\n                            <!---->\n                            <div class=\"h-image__frame-container-outer\">\n                              <div class=\"h-image__frame-container\">\n                                <!---->\n                                <!---->\n                                <img decoding=\"async\" loading=\"lazy\" width=\"142\" height=\"101\" src=\"https:\/\/virtualtec.cl\/temas\/barberia\/wp-content\/uploads\/sites\/3\/2022\/05\/afeitado-ras.jpg\" class=\"wp-image-1639 style-919-image style-local-5-c21-image\" alt=\"\" \/>\n                                <div class=\"h-image__frame h-hide-lg h-hide-md h-hide-sm style-919-frameImage style-local-5-c21-frameImage\"><\/div>\n                              <\/div>\n                            <\/div>\n                          <\/div>\n                          <div data-colibri-id=\"5-c22\" class=\"h-text h-text-component style-920 style-local-5-c22 position-relative h-element\">\n                            <!---->\n                            <!---->\n                            <div class=\"\">\n                              <h4>Afeitado al ras<\/h4>\n                            <\/div>\n                          <\/div>\n                        <\/div>\n                      <\/div>\n                    <\/div>\n                  <\/div>\n                <\/div>\n              <\/div>\n            <\/div>\n          <\/div>\n          <div class=\"h-column h-column-container d-flex h-col-lg-auto h-col-md-auto h-col-auto style-425-outer style-local-5-c23-outer\">\n            <div data-colibri-id=\"5-c23\" class=\"d-flex h-flex-basis h-column__inner h-px-lg-0 h-px-md-0 h-px-1 v-inner-lg-0 v-inner-md-0 v-inner-1 style-425 style-local-5-c23 position-relative\">\n              <!---->\n              <!---->\n              <div class=\"w-100 h-y-container h-column__content h-column__v-align flex-basis-100 align-self-lg-center align-self-md-center align-self-center\">\n                <!---->\n                <div data-colibri-id=\"5-c24\" class=\"h-global-transition-all h-heading style-446 style-local-5-c24 position-relative h-element\">\n                  <!---->\n                  <div class=\"h-heading__outer style-446 style-local-5-c24\">\n                    <!---->\n                    <!---->\n                    <h5 class=\"\">Experiencia<\/h5>\n                  <\/div>\n                <\/div>\n                <div data-colibri-id=\"5-c25\" class=\"h-global-transition-all h-heading style-426 style-local-5-c25 position-relative h-element\">\n                  <!---->\n                  <div class=\"h-heading__outer style-426 style-local-5-c25\">\n                    <!---->\n                    <!---->\n                    <h2 class=\"\">Servicios<\/h2>\n                  <\/div>\n                <\/div>\n                <div data-colibri-id=\"5-c26\" class=\"h-text h-text-component style-427 style-local-5-c26 position-relative h-element\">\n                  <!---->\n                  <!---->\n                  <div class=\"\">\n                    <p>Conoce nuestras especialidades (corte de cabello, perfilado de barba o afeitado al ras) y experimenta el arte de la barber\u00eda cl\u00e1sica.<\/p>\n                  <\/div>\n                <\/div>\n              <\/div>\n            <\/div>\n          <\/div>\n        <\/div>\n      <\/div>\n    <\/div>\n  <\/div>\n  <div data-colibri-component=\"section\" data-colibri-id=\"5-c27\" id=\"content-2\" class=\"h-section h-section-global-spacing d-flex align-items-lg-center align-items-md-center align-items-center style-430 style-local-5-c27 position-relative\">\n    <!---->\n    <!---->\n    <div class=\"h-section-grid-container h-section-boxed-container\">\n      <!---->\n      <div data-colibri-id=\"5-c28\" class=\"h-row-container gutters-row-lg-2 gutters-row-md-2 gutters-row-2 gutters-row-v-lg-2 gutters-row-v-md-2 gutters-row-v-2 style-431 style-local-5-c28 position-relative\">\n        <!---->\n        <div class=\"h-row justify-content-lg-center justify-content-md-center justify-content-center align-items-lg-stretch align-items-md-stretch align-items-stretch gutters-col-lg-2 gutters-col-md-2 gutters-col-2 gutters-col-v-lg-2 gutters-col-v-md-2 gutters-col-v-2\">\n          <!---->\n          <div class=\"h-column h-column-container d-flex h-col-lg-auto h-col-md-auto h-col-auto style-432-outer style-local-5-c29-outer\">\n            <div data-colibri-id=\"5-c29\" class=\"d-flex h-flex-basis h-column__inner h-px-lg-0 h-px-md-0 h-px-0 v-inner-lg-0 v-inner-md-0 v-inner-0 style-432 style-local-5-c29 position-relative\">\n              <!---->\n              <!---->\n              <div class=\"w-100 h-y-container h-column__content h-column__v-align flex-basis-100 align-self-lg-center align-self-md-center align-self-center\">\n                <!---->\n                <div data-colibri-id=\"5-c30\" class=\"h-global-transition-all h-heading style-433 style-local-5-c30 position-relative h-element\">\n                  <!---->\n                  <div class=\"h-heading__outer style-433 style-local-5-c30\">\n                    <!---->\n                    <!---->\n                    <h2 class=\"\">Nuestro equipo est\u00e1 aqu\u00ed para inspirarte<\/h2>\n                  <\/div>\n                <\/div>\n              <\/div>\n            <\/div>\n          <\/div>\n          <div class=\"h-column h-column-container d-flex h-col-lg-auto h-col-md-auto h-col-auto style-437-outer style-local-5-c31-outer\">\n            <div data-colibri-id=\"5-c31\" class=\"d-flex h-flex-basis h-column__inner h-px-lg-0 h-px-md-0 h-px-0 v-inner-lg-0 v-inner-md-0 v-inner-0 style-437 style-local-5-c31 position-relative\">\n              <!---->\n              <!---->\n              <div class=\"w-100 h-y-container h-column__content h-column__v-align flex-basis-100 align-self-lg-center align-self-md-center align-self-center\">\n                <!---->\n                <div data-colibri-id=\"5-c32\" class=\"h-row-container gutters-row-lg-2 gutters-row-md-2 gutters-row-0 gutters-row-v-lg-2 gutters-row-v-md-2 gutters-row-v-2 style-921 style-local-5-c32 position-relative\">\n                  <!---->\n                  <div class=\"h-row justify-content-lg-center justify-content-md-center justify-content-center align-items-lg-stretch align-items-md-stretch align-items-stretch gutters-col-lg-2 gutters-col-md-2 gutters-col-0 gutters-col-v-lg-2 gutters-col-v-md-2 gutters-col-v-2\">\n                    <!---->\n                    <div class=\"h-column h-column-container d-flex h-col-lg-auto h-col-md-auto h-col-auto style-922-outer style-local-5-c33-outer\">\n                      <div data-colibri-id=\"5-c33\" class=\"d-flex h-flex-basis h-column__inner h-px-lg-2 h-px-md-2 h-px-2 v-inner-lg-2 v-inner-md-2 v-inner-2 style-922 style-local-5-c33 position-relative\">\n                        <!---->\n                        <!---->\n                        <div class=\"w-100 h-y-container h-column__content h-column__v-align flex-basis-100 align-self-lg-start align-self-md-start align-self-start\">\n                          <!---->\n                          <div data-colibri-id=\"5-c34\" class=\"d-block style-925 style-local-5-c34 position-relative h-element\">\n                            <!---->\n                            <div class=\"h-image__frame-container-outer\">\n                              <div class=\"h-image__frame-container\">\n                                <!---->\n                                <!---->\n                                <img decoding=\"async\" loading=\"lazy\" width=\"150\" height=\"168\" src=\"https:\/\/virtualtec.cl\/temas\/barberia\/wp-content\/uploads\/sites\/3\/2022\/05\/a.jpg\" class=\"wp-image-1647 style-925-image style-local-5-c34-image\" alt=\"\" \/>\n                                <div class=\"h-image__frame h-hide-lg h-hide-md h-hide-sm style-925-frameImage style-local-5-c34-frameImage\"><\/div>\n                              <\/div>\n                            <\/div>\n                          <\/div>\n                          <div data-colibri-id=\"5-c35\" class=\"h-text h-text-component style-928 style-local-5-c35 position-relative h-element\">\n                            <!---->\n                            <!---->\n                            <div class=\"\">\n                              <p>Roberto Wolf\n                                <br>\n                              <\/p>\n                            <\/div>\n                          <\/div>\n                        <\/div>\n                      <\/div>\n                    <\/div>\n                    <div class=\"h-column h-column-container d-flex h-col-lg-auto h-col-md-auto h-col-auto style-923-outer style-local-5-c36-outer\">\n                      <div data-colibri-id=\"5-c36\" class=\"d-flex h-flex-basis h-column__inner h-px-lg-2 h-px-md-2 h-px-2 v-inner-lg-2 v-inner-md-2 v-inner-2 style-923 style-local-5-c36 position-relative\">\n                        <!---->\n                        <!---->\n                        <div class=\"w-100 h-y-container h-column__content h-column__v-align flex-basis-100 align-self-lg-start align-self-md-start align-self-start\">\n                          <!---->\n                          <div data-colibri-id=\"5-c37\" class=\"d-block style-926 style-local-5-c37 position-relative h-element\">\n                            <!---->\n                            <div class=\"h-image__frame-container-outer\">\n                              <div class=\"h-image__frame-container\">\n                                <!---->\n                                <!---->\n                                <img decoding=\"async\" loading=\"lazy\" width=\"150\" height=\"168\" src=\"https:\/\/virtualtec.cl\/temas\/barberia\/wp-content\/uploads\/sites\/3\/2022\/05\/b.jpg\" class=\"wp-image-1648 style-926-image style-local-5-c37-image\" alt=\"\" \/>\n                                <div class=\"h-image__frame h-hide-lg h-hide-md h-hide-sm style-926-frameImage style-local-5-c37-frameImage\"><\/div>\n                              <\/div>\n                            <\/div>\n                          <\/div>\n                          <div data-colibri-id=\"5-c38\" class=\"h-text h-text-component style-929 style-local-5-c38 position-relative h-element\">\n                            <!---->\n                            <!---->\n                            <div class=\"\">\n                              <p>Andr\u00e9s Borgi\n                                <br>\n                              <\/p>\n                            <\/div>\n                          <\/div>\n                        <\/div>\n                      <\/div>\n                    <\/div>\n                    <div class=\"h-column h-column-container d-flex h-col-lg-auto h-col-md-auto h-col-auto style-924-outer style-local-5-c39-outer\">\n                      <div data-colibri-id=\"5-c39\" class=\"d-flex h-flex-basis h-column__inner h-px-lg-2 h-px-md-2 h-px-2 v-inner-lg-2 v-inner-md-2 v-inner-2 style-924 style-local-5-c39 position-relative\">\n                        <!---->\n                        <!---->\n                        <div class=\"w-100 h-y-container h-column__content h-column__v-align flex-basis-100 align-self-lg-start align-self-md-start align-self-start\">\n                          <!---->\n                          <div data-colibri-id=\"5-c40\" class=\"d-block style-927 style-local-5-c40 position-relative h-element\">\n                            <!---->\n                            <div class=\"h-image__frame-container-outer\">\n                              <div class=\"h-image__frame-container\">\n                                <!---->\n                                <!---->\n                                <img decoding=\"async\" loading=\"lazy\" width=\"150\" height=\"168\" src=\"https:\/\/virtualtec.cl\/temas\/barberia\/wp-content\/uploads\/sites\/3\/2022\/05\/c.jpg\" class=\"wp-image-1649 style-927-image style-local-5-c40-image\" alt=\"\" \/>\n                                <div class=\"h-image__frame h-hide-lg h-hide-md h-hide-sm style-927-frameImage style-local-5-c40-frameImage\"><\/div>\n                              <\/div>\n                            <\/div>\n                          <\/div>\n                          <div data-colibri-id=\"5-c41\" class=\"h-text h-text-component style-930 style-local-5-c41 position-relative h-element\">\n                            <!---->\n                            <!---->\n                            <div class=\"\">\n                              <p>Marcelo Soto\n                                <br>\n                              <\/p>\n                            <\/div>\n                          <\/div>\n                        <\/div>\n                      <\/div>\n                    <\/div>\n                  <\/div>\n                <\/div>\n              <\/div>\n            <\/div>\n          <\/div>\n        <\/div>\n      <\/div>\n    <\/div>\n  <\/div>\n<\/div>","protected":false},"excerpt":{"rendered":"<p>Nuestro compromiso Nosotros En Mi Barber\u00eda nos hacemos responsables del cuidado integral masculino a trav\u00e9s de un servicio de excelencia y arraigado en las antiguas tradiciones, en un ambiente \u00fanico e inspirado en las cl\u00e1sicas barber\u00edas de anta\u00f1o, con una atenci\u00f3n de primer nivel m\u00e1s un amplio cat\u00e1logo de productos con stock permanente. Experimenta, descubre [&hellip;]<\/p>\n","protected":false},"author":1,"featured_media":0,"parent":0,"menu_order":0,"comment_status":"closed","ping_status":"closed","template":"page-templates\/homepage.php","meta":{"footnotes":""},"_links":{"self":[{"href":"https:\/\/virtualtec.cl\/temas\/barberia\/wp-json\/wp\/v2\/pages\/5"}],"collection":[{"href":"https:\/\/virtualtec.cl\/temas\/barberia\/wp-json\/wp\/v2\/pages"}],"about":[{"href":"https:\/\/virtualtec.cl\/temas\/barberia\/wp-json\/wp\/v2\/types\/page"}],"author":[{"embeddable":true,"href":"https:\/\/virtualtec.cl\/temas\/barberia\/wp-json\/wp\/v2\/users\/1"}],"replies":[{"embeddable":true,"href":"https:\/\/virtualtec.cl\/temas\/barberia\/wp-json\/wp\/v2\/comments?post=5"}],"version-history":[{"count":20,"href":"https:\/\/virtualtec.cl\/temas\/barberia\/wp-json\/wp\/v2\/pages\/5\/revisions"}],"predecessor-version":[{"id":1929,"href":"https:\/\/virtualtec.cl\/temas\/barberia\/wp-json\/wp\/v2\/pages\/5\/revisions\/1929"}],"wp:attachment":[{"href":"https:\/\/virtualtec.cl\/temas\/barberia\/wp-json\/wp\/v2\/media?parent=5"}],"curies":[{"name":"wp","href":"https:\/\/api.w.org\/{rel}","templated":true}]}}