{"id":40,"date":"2022-11-22T19:53:04","date_gmt":"2022-11-22T22:53:04","guid":{"rendered":"https:\/\/lamesadelinca.cl\/?page_id=40"},"modified":"2022-12-03T17:48:16","modified_gmt":"2022-12-03T17:48:16","slug":"inicio","status":"publish","type":"page","link":"https:\/\/virtualtec.cl\/temas\/restaurante\/","title":{"rendered":"Inicio"},"content":{"rendered":"\r\n<div class=\"wp-block-columns inicio-bloque has-background is-layout-flex wp-container-4 wp-block-columns-is-layout-flex\" style=\"background-color: #ff000000;\">\r\n<div class=\"wp-block-column is-layout-flow wp-block-column-is-layout-flow\">\r\n<div class=\"wp-block-image size-full\">\r\n<figure class=\"aligncenter is-resized\"><img decoding=\"async\" loading=\"lazy\" class=\"wp-image-57\" src=\"https:\/\/virtualtec.cl\/temas\/restaurante\/wp-content\/uploads\/sites\/5\/2022\/11\/pescado-mariscos.png\" alt=\"\" width=\"250\" height=\"250\" srcset=\"https:\/\/virtualtec.cl\/temas\/restaurante\/wp-content\/uploads\/sites\/5\/2022\/11\/pescado-mariscos.png 500w, https:\/\/virtualtec.cl\/temas\/restaurante\/wp-content\/uploads\/sites\/5\/2022\/11\/pescado-mariscos-300x300.png 300w, https:\/\/virtualtec.cl\/temas\/restaurante\/wp-content\/uploads\/sites\/5\/2022\/11\/pescado-mariscos-150x150.png 150w\" sizes=\"(max-width: 250px) 100vw, 250px\" \/><\/figure>\r\n<\/div>\r\n\r\n\r\n\r\n<h2 class=\"has-text-align-center wp-block-heading\">Pescados &amp; Mariscos<\/h2>\r\n\r\n\r\n\r\n<p class=\"has-text-align-center\">Los frutos del mar son nuestros mejores aliados, dando como resultado exquisitos platillos como el cebiche.<\/p>\r\n<\/div>\r\n\r\n\r\n\r\n<div class=\"wp-block-column is-layout-flow wp-block-column-is-layout-flow\">\r\n<div class=\"wp-block-image size-full\">\r\n<figure class=\"aligncenter is-resized\"><img decoding=\"async\" loading=\"lazy\" class=\"wp-image-58\" src=\"https:\/\/virtualtec.cl\/temas\/restaurante\/wp-content\/uploads\/sites\/5\/2022\/11\/carnes-causeos.png\" alt=\"\" width=\"250\" height=\"250\" srcset=\"https:\/\/virtualtec.cl\/temas\/restaurante\/wp-content\/uploads\/sites\/5\/2022\/11\/carnes-causeos.png 500w, https:\/\/virtualtec.cl\/temas\/restaurante\/wp-content\/uploads\/sites\/5\/2022\/11\/carnes-causeos-300x300.png 300w, https:\/\/virtualtec.cl\/temas\/restaurante\/wp-content\/uploads\/sites\/5\/2022\/11\/carnes-causeos-150x150.png 150w\" sizes=\"(max-width: 250px) 100vw, 250px\" \/><\/figure>\r\n<\/div>\r\n\r\n\r\n\r\n<h2 class=\"has-text-align-center wp-block-heading\">Carnes &amp; Cauceos<\/h2>\r\n\r\n\r\n\r\n<p class=\"has-text-align-center\">Disponemos una incre\u00edble variedad de las mejores carnes, desde las tradicionales como el pollo hasta la carne de Jabali.<\/p>\r\n<\/div>\r\n\r\n\r\n\r\n<div class=\"wp-block-column is-layout-flow wp-block-column-is-layout-flow\">\r\n<div class=\"wp-block-image size-full\">\r\n<figure class=\"aligncenter is-resized\"><img decoding=\"async\" loading=\"lazy\" class=\"wp-image-59\" src=\"https:\/\/virtualtec.cl\/temas\/restaurante\/wp-content\/uploads\/sites\/5\/2022\/11\/pastas-arroces.png\" alt=\"\" width=\"250\" height=\"250\" srcset=\"https:\/\/virtualtec.cl\/temas\/restaurante\/wp-content\/uploads\/sites\/5\/2022\/11\/pastas-arroces.png 500w, https:\/\/virtualtec.cl\/temas\/restaurante\/wp-content\/uploads\/sites\/5\/2022\/11\/pastas-arroces-300x300.png 300w, https:\/\/virtualtec.cl\/temas\/restaurante\/wp-content\/uploads\/sites\/5\/2022\/11\/pastas-arroces-150x150.png 150w\" sizes=\"(max-width: 250px) 100vw, 250px\" \/><\/figure>\r\n<\/div>\r\n\r\n\r\n\r\n<h2 class=\"has-text-align-center wp-block-heading\">Pastas &amp; Arroces<\/h2>\r\n\r\n\r\n\r\n<p class=\"has-text-align-center\">Disponemos los incre\u00edbles sabores del arroz y las pastas combinadas con trozos de pollo, alguna que otra carne y verduras.<\/p>\r\n<\/div>\r\n<\/div>\r\n\r\n\r\n\r\n<figure class=\"wp-block-image size-large is-resized bloque-ondulado\"><img decoding=\"async\" loading=\"lazy\" class=\"wp-image-138\" src=\"https:\/\/virtualtec.cl\/temas\/restaurante\/wp-content\/uploads\/sites\/5\/2022\/11\/ondulado-rojo-1024x27.png\" alt=\"\" width=\"1366\" height=\"51\" \/><\/figure>\r\n\r\n\r\n\r\n<div class=\"wp-block-columns has-background is-layout-flex wp-container-8 wp-block-columns-is-layout-flex\" style=\"background-color: #ff2e1d;\">\r\n<div class=\"wp-block-column is-layout-flow wp-block-column-is-layout-flow\">\r\n<div class=\"wp-block-image size-full\">\r\n<figure class=\"aligncenter\"><img decoding=\"async\" loading=\"lazy\" width=\"600\" height=\"392\" class=\"wp-image-148\" src=\"https:\/\/virtualtec.cl\/temas\/restaurante\/wp-content\/uploads\/sites\/5\/2022\/11\/gastronomia-peruana-inicio.jpg\" alt=\"\" srcset=\"https:\/\/virtualtec.cl\/temas\/restaurante\/wp-content\/uploads\/sites\/5\/2022\/11\/gastronomia-peruana-inicio.jpg 600w, https:\/\/virtualtec.cl\/temas\/restaurante\/wp-content\/uploads\/sites\/5\/2022\/11\/gastronomia-peruana-inicio-300x196.jpg 300w\" sizes=\"(max-width: 600px) 100vw, 600px\" \/><\/figure>\r\n<\/div>\r\n<\/div>\r\n\r\n\r\n\r\n<div class=\"wp-block-column is-layout-flow wp-block-column-is-layout-flow\">\r\n<h2 class=\"alignwide has-text-align-center wp-block-heading\"><strong>La mejor Gastronom\u00eda<\/strong><\/h2>\r\n\r\n\r\n\r\n<p class=\"has-medium-font-size\">\u00a1Es una de las m\u00e1s variadas y exquisitas del mundo! Tiene platos tradicionales como el ceviche, el arroz con pollo, la papa a la huanca\u00edna, la ocopa arequipe\u00f1a, la chanfainita, los tallarines rojos, el cau-cau, entre otros.<\/p>\r\n\r\n\r\n\r\n<div class=\"wp-block-buttons is-layout-flex wp-block-buttons-is-layout-flex\">\r\n<div class=\"wp-block-button\"><a class=\"wp-block-button__link\" style=\"border-radius: 16px;\" href=\"#\">Ver Men\u00fa<\/a><\/div>\r\n<\/div>\r\n<\/div>\r\n<\/div>\r\n","protected":false},"excerpt":{"rendered":"<p>Pescados &amp; Mariscos Los frutos del mar son nuestros mejores aliados, dando como resultado exquisitos platillos como el cebiche. Carnes &amp; Cauceos Disponemos una incre\u00edble variedad de las mejores carnes, desde las tradicionales como el pollo hasta la carne de Jabali. Pastas &amp; Arroces Disponemos los incre\u00edbles sabores del arroz y las pastas combinadas con &#8230; <a title=\"Inicio\" class=\"read-more\" href=\"https:\/\/virtualtec.cl\/temas\/restaurante\/\" aria-label=\"M\u00e1s en Inicio\">Leer m\u00e1s<\/a><\/p>\n","protected":false},"author":2,"featured_media":0,"parent":0,"menu_order":0,"comment_status":"closed","ping_status":"closed","template":"","meta":{"footnotes":""},"_links":{"self":[{"href":"https:\/\/virtualtec.cl\/temas\/restaurante\/wp-json\/wp\/v2\/pages\/40"}],"collection":[{"href":"https:\/\/virtualtec.cl\/temas\/restaurante\/wp-json\/wp\/v2\/pages"}],"about":[{"href":"https:\/\/virtualtec.cl\/temas\/restaurante\/wp-json\/wp\/v2\/types\/page"}],"author":[{"embeddable":true,"href":"https:\/\/virtualtec.cl\/temas\/restaurante\/wp-json\/wp\/v2\/users\/2"}],"replies":[{"embeddable":true,"href":"https:\/\/virtualtec.cl\/temas\/restaurante\/wp-json\/wp\/v2\/comments?post=40"}],"version-history":[{"count":4,"href":"https:\/\/virtualtec.cl\/temas\/restaurante\/wp-json\/wp\/v2\/pages\/40\/revisions"}],"predecessor-version":[{"id":282,"href":"https:\/\/virtualtec.cl\/temas\/restaurante\/wp-json\/wp\/v2\/pages\/40\/revisions\/282"}],"wp:attachment":[{"href":"https:\/\/virtualtec.cl\/temas\/restaurante\/wp-json\/wp\/v2\/media?parent=40"}],"curies":[{"name":"wp","href":"https:\/\/api.w.org\/{rel}","templated":true}]}}