{"id":68,"date":"2022-11-22T21:59:32","date_gmt":"2022-11-23T00:59:32","guid":{"rendered":"https:\/\/lamesadelinca.cl\/?page_id=68"},"modified":"2022-11-24T16:59:23","modified_gmt":"2022-11-24T16:59:23","slug":"nosotros","status":"publish","type":"page","link":"https:\/\/virtualtec.cl\/temas\/restaurante\/nosotros\/","title":{"rendered":"Nosotros"},"content":{"rendered":"\n<p>Inaugurado en el a\u00f1o 1990, nuestro restaurante ha diversificado su carta de men\u00fa para satisfacer los apetitos m\u00e1s exigentes de nuestros clientes; haciendo que nuestra atenci\u00f3n sea exclusiva en cuanto a nuestros platos.<\/p>\n\n\n\n<p>Nuestra atenci\u00f3n hacia nuestros clientes nos ha permitido que \u00abMi Restaurante\u00bb sea recomendado en diferentes sitios especializados en turismo como de comida. Es as\u00ed que turistas extranjeros han hecho de nuestro restaurante el lugar predilecto para disfrutar de los platos m\u00e1s variados que hemos implementado a lo largo de nuestros a\u00f1os.<br><\/p>\n","protected":false},"excerpt":{"rendered":"<p>Inaugurado en el a\u00f1o 1990, nuestro restaurante ha diversificado su carta de men\u00fa para satisfacer los apetitos m\u00e1s exigentes de nuestros clientes; haciendo que nuestra atenci\u00f3n sea exclusiva en cuanto a nuestros platos. Nuestra atenci\u00f3n hacia nuestros clientes nos ha permitido que \u00abMi Restaurante\u00bb sea recomendado en diferentes sitios especializados en turismo como de comida. &#8230; <a title=\"Nosotros\" class=\"read-more\" href=\"https:\/\/virtualtec.cl\/temas\/restaurante\/nosotros\/\" aria-label=\"M\u00e1s en Nosotros\">Leer m\u00e1s<\/a><\/p>\n","protected":false},"author":2,"featured_media":186,"parent":0,"menu_order":0,"comment_status":"closed","ping_status":"closed","template":"","meta":{"footnotes":""},"_links":{"self":[{"href":"https:\/\/virtualtec.cl\/temas\/restaurante\/wp-json\/wp\/v2\/pages\/68"}],"collection":[{"href":"https:\/\/virtualtec.cl\/temas\/restaurante\/wp-json\/wp\/v2\/pages"}],"about":[{"href":"https:\/\/virtualtec.cl\/temas\/restaurante\/wp-json\/wp\/v2\/types\/page"}],"author":[{"embeddable":true,"href":"https:\/\/virtualtec.cl\/temas\/restaurante\/wp-json\/wp\/v2\/users\/2"}],"replies":[{"embeddable":true,"href":"https:\/\/virtualtec.cl\/temas\/restaurante\/wp-json\/wp\/v2\/comments?post=68"}],"version-history":[{"count":3,"href":"https:\/\/virtualtec.cl\/temas\/restaurante\/wp-json\/wp\/v2\/pages\/68\/revisions"}],"predecessor-version":[{"id":191,"href":"https:\/\/virtualtec.cl\/temas\/restaurante\/wp-json\/wp\/v2\/pages\/68\/revisions\/191"}],"wp:featuredmedia":[{"embeddable":true,"href":"https:\/\/virtualtec.cl\/temas\/restaurante\/wp-json\/wp\/v2\/media\/186"}],"wp:attachment":[{"href":"https:\/\/virtualtec.cl\/temas\/restaurante\/wp-json\/wp\/v2\/media?parent=68"}],"curies":[{"name":"wp","href":"https:\/\/api.w.org\/{rel}","templated":true}]}}