{"id":340,"date":"2023-05-27T19:37:46","date_gmt":"2023-05-27T19:37:46","guid":{"rendered":"https:\/\/virtualtec.cl\/temas\/tatuaje\/?page_id=340"},"modified":"2023-05-27T20:06:02","modified_gmt":"2023-05-27T20:06:02","slug":"alejandra-2","status":"publish","type":"page","link":"https:\/\/virtualtec.cl\/temas\/tatuaje\/alejandra-2\/","title":{"rendered":"Alejandra"},"content":{"rendered":"<div data-colibri-id=\"340-c1\" class=\"style-299 style-local-340-c1 position-relative\">\r\n  <!---->\r\n  <div data-colibri-component=\"section\" data-colibri-id=\"340-c2\" id=\"custom\" class=\"h-section h-section-global-spacing d-flex align-items-lg-center align-items-md-center align-items-center style-301 style-local-340-c2 position-relative\">\r\n    <!---->\r\n    <!---->\r\n    <div class=\"h-section-grid-container h-section-boxed-container\">\r\n      <!---->\r\n      <div data-colibri-id=\"340-c3\" class=\"h-row-container gutters-row-lg-2 gutters-row-md-2 gutters-row-0 gutters-row-v-lg-2 gutters-row-v-md-2 gutters-row-v-2 style-302 style-local-340-c3 position-relative\">\r\n        <!---->\r\n        <div class=\"h-row justify-content-lg-center justify-content-md-center justify-content-center align-items-lg-stretch align-items-md-stretch align-items-stretch gutters-col-lg-2 gutters-col-md-2 gutters-col-0 gutters-col-v-lg-2 gutters-col-v-md-2 gutters-col-v-2\">\r\n          <!---->\r\n          <div class=\"h-column h-column-container d-flex h-col-lg-auto h-col-md-auto h-col-auto style-303-outer style-local-340-c4-outer\">\r\n            <div data-colibri-id=\"340-c4\" class=\"d-flex h-flex-basis h-column__inner h-px-lg-2 h-px-md-2 h-px-2 v-inner-lg-2 v-inner-md-2 v-inner-2 style-303 style-local-340-c4 position-relative\">\r\n              <!---->\r\n              <!---->\r\n              <div class=\"w-100 h-y-container h-column__content h-column__v-align flex-basis-100 align-self-lg-start align-self-md-start align-self-start\">\r\n                <!---->\r\n                <div data-colibri-id=\"340-c6\" class=\"d-block style-305 style-local-340-c6 position-relative h-element\">\r\n                  <!---->\r\n                  <div class=\"h-image__frame-container-outer\">\r\n                    <div class=\"h-image__frame-container\">\r\n                      <!---->\r\n                      <!---->\r\n                      <img decoding=\"async\" loading=\"lazy\" width=\"370\" height=\"546\" src=\"https:\/\/virtualtec.cl\/temas\/tatuaje\/wp-content\/uploads\/sites\/4\/2022\/05\/alejandra.jpg\" class=\"wp-image-243 style-305-image style-local-340-c6-image\" srcset=\"https:\/\/virtualtec.cl\/temas\/tatuaje\/wp-content\/uploads\/sites\/4\/2022\/05\/alejandra.jpg 370w, https:\/\/virtualtec.cl\/temas\/tatuaje\/wp-content\/uploads\/sites\/4\/2022\/05\/alejandra-203x300.jpg 203w\" sizes=\"(max-width: 370px) 100vw, 370px\" alt=\"\" \/>\r\n                      <div class=\"h-image__frame h-hide-lg h-hide-md h-hide-sm style-305-frameImage style-local-340-c6-frameImage\"><\/div>\r\n                    <\/div>\r\n                  <\/div>\r\n                <\/div>\r\n              <\/div>\r\n            <\/div>\r\n          <\/div>\r\n          <div class=\"h-column h-column-container d-flex h-col-lg-auto h-col-md-auto h-col-auto style-304-outer style-local-340-c7-outer\">\r\n            <div data-colibri-id=\"340-c7\" class=\"d-flex h-flex-basis h-column__inner h-px-lg-2 h-px-md-2 h-px-2 v-inner-lg-2 v-inner-md-2 v-inner-2 style-304 style-local-340-c7 position-relative\">\r\n              <!---->\r\n              <!---->\r\n              <div class=\"w-100 h-y-container h-column__content h-column__v-align flex-basis-100 align-self-lg-start align-self-md-start align-self-start\">\r\n                <!---->\r\n                <div data-colibri-id=\"340-c8\" class=\"h-text h-text-component style-306 style-local-340-c8 position-relative h-element\">\r\n                  <!---->\r\n                  <!---->\r\n                  <div class=\"\">\r\n                    <p>El arte es mi pasi\u00f3n y la piel es mi lienzo. Como tatuadora, me dedico a crear obras de arte \u00fanicas y significativas que se fusionan con tu historia personal. Cada trazo, cada detalle, est\u00e1 cuidadosamente dise\u00f1ado para transmitir tu\r\n                      esencia y plasmarla en un tatuaje que perdurar\u00e1 para siempre.<\/p>\r\n                    <p>Con a\u00f1os de experiencia en el mundo del tatuaje, he perfeccionado mi t\u00e9cnica y estilo para ofrecerte un trabajo de calidad y profesionalismo. Mi objetivo es crear una experiencia \u00fanica y satisfactoria para cada cliente, brindando un\r\n                      ambiente c\u00f3modo y seguro en el que puedas expresarte libremente.<\/p>\r\n                    <p>Ya sea que desees un dise\u00f1o delicado y minimalista o una pieza audaz y vibrante, estoy aqu\u00ed para hacer realidad tus ideas y transformarlas en una obra de arte viviente. Cada proyecto es un desaf\u00edo emocionante para m\u00ed, y me comprometo\r\n                      a superar tus expectativas en cada sesi\u00f3n.<\/p>\r\n                    <p>Si est\u00e1s listo para llevar tu historia a la piel y convertirla en un tatuaje excepcional, \u00a1estoy aqu\u00ed para ayudarte! Perm\u00edteme ser parte de tu viaje art\u00edstico y juntos crearemos una obra maestra \u00fanica que te acompa\u00f1ar\u00e1 para siempre.<\/p>\r\n                    <p>\u00a1Cont\u00e1ctame para reservar una consulta y comencemos a dar vida a tu imaginaci\u00f3n en un tatuaje incre\u00edblemente hermoso!<\/p>\r\n                  <\/div>\r\n                <\/div>\r\n              <\/div>\r\n            <\/div>\r\n          <\/div>\r\n        <\/div>\r\n      <\/div>\r\n    <\/div>\r\n  <\/div>\r\n  <div data-colibri-component=\"section\" data-colibri-id=\"340-c9\" id=\"custom-2\" class=\"h-section h-section-global-spacing d-flex align-items-lg-center align-items-md-center align-items-center style-308 style-local-340-c9 position-relative\">\r\n    <!---->\r\n    <!---->\r\n    <div class=\"h-section-grid-container h-section-boxed-container\">\r\n      <!---->\r\n      <div data-colibri-id=\"340-c10\" class=\"h-row-container gutters-row-lg-2 gutters-row-md-2 gutters-row-0 gutters-row-v-lg-2 gutters-row-v-md-2 gutters-row-v-2 style-313 style-local-340-c10 position-relative\">\r\n        <!---->\r\n        <div class=\"h-row justify-content-lg-center justify-content-md-center justify-content-center align-items-lg-stretch align-items-md-stretch align-items-stretch gutters-col-lg-2 gutters-col-md-2 gutters-col-0 gutters-col-v-lg-2 gutters-col-v-md-2 gutters-col-v-2\">\r\n          <!---->\r\n          <div class=\"h-column h-column-container d-flex h-col-lg-auto h-col-md-auto h-col-auto style-314-outer style-local-340-c11-outer\">\r\n            <div data-colibri-id=\"340-c11\" class=\"d-flex h-flex-basis h-column__inner h-px-lg-2 h-px-md-2 h-px-2 v-inner-lg-2 v-inner-md-2 v-inner-2 style-314 style-local-340-c11 position-relative\">\r\n              <!---->\r\n              <!---->\r\n              <div class=\"w-100 h-y-container h-column__content h-column__v-align flex-basis-100 align-self-lg-start align-self-md-start align-self-start\">\r\n                <!---->\r\n                <div data-colibri-id=\"340-c12\" class=\"h-global-transition-all h-heading style-315 style-local-340-c12 position-relative h-element\">\r\n                  <!---->\r\n                  <div class=\"h-heading__outer style-315 style-local-340-c12\">\r\n                    <!---->\r\n                    <!---->\r\n                    <h1 class=\"\">Portafolio<\/h1>\r\n                  <\/div>\r\n                <\/div>\r\n              <\/div>\r\n            <\/div>\r\n          <\/div>\r\n        <\/div>\r\n      <\/div>\r\n      <div data-colibri-id=\"340-c13\" class=\"h-row-container gutters-row-lg-2 gutters-row-md-2 gutters-row-0 gutters-row-v-lg-2 gutters-row-v-md-2 gutters-row-v-2 style-309 style-local-340-c13 position-relative\">\r\n        <!---->\r\n        <div class=\"h-row justify-content-lg-center justify-content-md-center justify-content-center align-items-lg-stretch align-items-md-stretch align-items-stretch gutters-col-lg-2 gutters-col-md-2 gutters-col-0 gutters-col-v-lg-2 gutters-col-v-md-2 gutters-col-v-2\">\r\n          <!---->\r\n          <div class=\"h-column h-column-container d-flex h-col-lg-auto h-col-md-auto h-col-auto style-310-outer style-local-340-c14-outer\">\r\n            <div data-colibri-id=\"340-c14\" class=\"d-flex h-flex-basis h-column__inner h-px-lg-2 h-px-md-2 h-px-2 v-inner-lg-2 v-inner-md-2 v-inner-2 style-310 style-local-340-c14 position-relative\">\r\n              <!---->\r\n              <!---->\r\n              <div class=\"w-100 h-y-container h-column__content h-column__v-align flex-basis-100 align-self-lg-start align-self-md-start align-self-start\">\r\n                <!---->\r\n                <div data-colibri-id=\"340-c15\" class=\"d-block style-316 style-local-340-c15 position-relative h-element\">\r\n                  <!---->\r\n                  <div class=\"h-image__frame-container-outer\">\r\n                    <div class=\"h-image__frame-container\">\r\n                      <!---->\r\n                      <!---->\r\n                      <img decoding=\"async\" loading=\"lazy\" width=\"427\" height=\"640\" src=\"https:\/\/virtualtec.cl\/temas\/tatuaje\/wp-content\/uploads\/sites\/4\/2023\/05\/tatoo-2.jpg\" class=\"wp-image-345 style-316-image style-local-340-c15-image\" srcset=\"https:\/\/virtualtec.cl\/temas\/tatuaje\/wp-content\/uploads\/sites\/4\/2023\/05\/tatoo-2.jpg 427w, https:\/\/virtualtec.cl\/temas\/tatuaje\/wp-content\/uploads\/sites\/4\/2023\/05\/tatoo-2-200x300.jpg 200w\" sizes=\"(max-width: 427px) 100vw, 427px\" alt=\"\" \/>\r\n                      <div class=\"h-image__frame h-hide-lg h-hide-md h-hide-sm style-316-frameImage style-local-340-c15-frameImage\"><\/div>\r\n                    <\/div>\r\n                  <\/div>\r\n                <\/div>\r\n              <\/div>\r\n            <\/div>\r\n          <\/div>\r\n          <div class=\"h-column h-column-container d-flex h-col-lg-auto h-col-md-auto h-col-auto style-317-outer style-local-340-c16-outer\">\r\n            <div data-colibri-id=\"340-c16\" class=\"d-flex h-flex-basis h-column__inner h-px-lg-2 h-px-md-2 h-px-2 v-inner-lg-2 v-inner-md-2 v-inner-2 style-317 style-local-340-c16 position-relative\">\r\n              <!---->\r\n              <!---->\r\n              <div class=\"w-100 h-y-container h-column__content h-column__v-align flex-basis-100 align-self-lg-start align-self-md-start align-self-start\">\r\n                <!---->\r\n                <div data-colibri-id=\"340-c17\" class=\"d-block style-319 style-local-340-c17 position-relative h-element\">\r\n                  <!---->\r\n                  <div class=\"h-image__frame-container-outer\">\r\n                    <div class=\"h-image__frame-container\">\r\n                      <!---->\r\n                      <!---->\r\n                      <img decoding=\"async\" loading=\"lazy\" width=\"427\" height=\"640\" src=\"https:\/\/virtualtec.cl\/temas\/tatuaje\/wp-content\/uploads\/sites\/4\/2023\/05\/tatoo-1.jpg\" class=\"wp-image-346 style-319-image style-local-340-c17-image\" srcset=\"https:\/\/virtualtec.cl\/temas\/tatuaje\/wp-content\/uploads\/sites\/4\/2023\/05\/tatoo-1.jpg 427w, https:\/\/virtualtec.cl\/temas\/tatuaje\/wp-content\/uploads\/sites\/4\/2023\/05\/tatoo-1-200x300.jpg 200w\" sizes=\"(max-width: 427px) 100vw, 427px\" alt=\"\" \/>\r\n                      <div class=\"h-image__frame h-hide-lg h-hide-md h-hide-sm style-319-frameImage style-local-340-c17-frameImage\"><\/div>\r\n                    <\/div>\r\n                  <\/div>\r\n                <\/div>\r\n              <\/div>\r\n            <\/div>\r\n          <\/div>\r\n          <div class=\"h-column h-column-container d-flex h-col-lg-auto h-col-md-auto h-col-auto style-318-outer style-local-340-c18-outer\">\r\n            <div data-colibri-id=\"340-c18\" class=\"d-flex h-flex-basis h-column__inner h-px-lg-2 h-px-md-2 h-px-2 v-inner-lg-2 v-inner-md-2 v-inner-2 style-318 style-local-340-c18 position-relative\">\r\n              <!---->\r\n              <!---->\r\n              <div class=\"w-100 h-y-container h-column__content h-column__v-align flex-basis-100 align-self-lg-start align-self-md-start align-self-start\">\r\n                <!---->\r\n                <div data-colibri-id=\"340-c19\" class=\"d-block style-320 style-local-340-c19 position-relative h-element\">\r\n                  <!---->\r\n                  <div class=\"h-image__frame-container-outer\">\r\n                    <div class=\"h-image__frame-container\">\r\n                      <!---->\r\n                      <!---->\r\n                      <img decoding=\"async\" loading=\"lazy\" width=\"910\" height=\"1365\" src=\"https:\/\/virtualtec.cl\/temas\/tatuaje\/wp-content\/uploads\/sites\/4\/2023\/05\/tatoo-4.jpg\" class=\"wp-image-348 style-320-image style-local-340-c19-image\" srcset=\"https:\/\/virtualtec.cl\/temas\/tatuaje\/wp-content\/uploads\/sites\/4\/2023\/05\/tatoo-4.jpg 910w, https:\/\/virtualtec.cl\/temas\/tatuaje\/wp-content\/uploads\/sites\/4\/2023\/05\/tatoo-4-200x300.jpg 200w, https:\/\/virtualtec.cl\/temas\/tatuaje\/wp-content\/uploads\/sites\/4\/2023\/05\/tatoo-4-683x1024.jpg 683w, https:\/\/virtualtec.cl\/temas\/tatuaje\/wp-content\/uploads\/sites\/4\/2023\/05\/tatoo-4-768x1152.jpg 768w\" sizes=\"(max-width: 910px) 100vw, 910px\" alt=\"\" \/>\r\n                      <div class=\"h-image__frame h-hide-lg h-hide-md h-hide-sm style-320-frameImage style-local-340-c19-frameImage\"><\/div>\r\n                    <\/div>\r\n                  <\/div>\r\n                <\/div>\r\n              <\/div>\r\n            <\/div>\r\n          <\/div>\r\n        <\/div>\r\n      <\/div>\r\n    <\/div>\r\n  <\/div>\r\n<\/div>","protected":false},"excerpt":{"rendered":"<p>El arte es mi pasi\u00f3n y la piel es mi lienzo. Como tatuadora, me dedico a crear obras de arte \u00fanicas y significativas que se fusionan con tu historia personal. Cada trazo, cada detalle, est\u00e1 cuidadosamente dise\u00f1ado para transmitir tu esencia y plasmarla en un tatuaje que perdurar\u00e1 para siempre. Con a\u00f1os de experiencia en [&hellip;]<\/p>\n","protected":false},"author":1,"featured_media":0,"parent":0,"menu_order":0,"comment_status":"closed","ping_status":"closed","template":"page-templates\/full-width-page.php","meta":{"footnotes":""},"_links":{"self":[{"href":"https:\/\/virtualtec.cl\/temas\/tatuaje\/wp-json\/wp\/v2\/pages\/340"}],"collection":[{"href":"https:\/\/virtualtec.cl\/temas\/tatuaje\/wp-json\/wp\/v2\/pages"}],"about":[{"href":"https:\/\/virtualtec.cl\/temas\/tatuaje\/wp-json\/wp\/v2\/types\/page"}],"author":[{"embeddable":true,"href":"https:\/\/virtualtec.cl\/temas\/tatuaje\/wp-json\/wp\/v2\/users\/1"}],"replies":[{"embeddable":true,"href":"https:\/\/virtualtec.cl\/temas\/tatuaje\/wp-json\/wp\/v2\/comments?post=340"}],"version-history":[{"count":3,"href":"https:\/\/virtualtec.cl\/temas\/tatuaje\/wp-json\/wp\/v2\/pages\/340\/revisions"}],"predecessor-version":[{"id":367,"href":"https:\/\/virtualtec.cl\/temas\/tatuaje\/wp-json\/wp\/v2\/pages\/340\/revisions\/367"}],"wp:attachment":[{"href":"https:\/\/virtualtec.cl\/temas\/tatuaje\/wp-json\/wp\/v2\/media?parent=340"}],"curies":[{"name":"wp","href":"https:\/\/api.w.org\/{rel}","templated":true}]}}