{"id":372,"date":"2023-05-27T20:07:57","date_gmt":"2023-05-27T20:07:57","guid":{"rendered":"https:\/\/virtualtec.cl\/temas\/tatuaje\/?page_id=372"},"modified":"2023-05-27T20:11:25","modified_gmt":"2023-05-27T20:11:25","slug":"david-2","status":"publish","type":"page","link":"https:\/\/virtualtec.cl\/temas\/tatuaje\/david-2\/","title":{"rendered":"David"},"content":{"rendered":"<div data-colibri-id=\"372-c1\" class=\"style-326 style-local-372-c1 position-relative\">\n  <!---->\n  <div data-colibri-component=\"section\" data-colibri-id=\"372-c2\" id=\"custom\" class=\"h-section h-section-global-spacing d-flex align-items-lg-center align-items-md-center align-items-center style-327 style-local-372-c2 position-relative\">\n    <!---->\n    <!---->\n    <div class=\"h-section-grid-container h-section-boxed-container\">\n      <!---->\n      <div data-colibri-id=\"372-c3\" class=\"h-row-container gutters-row-lg-2 gutters-row-md-2 gutters-row-0 gutters-row-v-lg-2 gutters-row-v-md-2 gutters-row-v-2 style-328 style-local-372-c3 position-relative\">\n        <!---->\n        <div class=\"h-row justify-content-lg-center justify-content-md-center justify-content-center align-items-lg-stretch align-items-md-stretch align-items-stretch gutters-col-lg-2 gutters-col-md-2 gutters-col-0 gutters-col-v-lg-2 gutters-col-v-md-2 gutters-col-v-2\">\n          <!---->\n          <div class=\"h-column h-column-container d-flex h-col-lg-auto h-col-md-auto h-col-auto style-329-outer style-local-372-c4-outer\">\n            <div data-colibri-id=\"372-c4\" class=\"d-flex h-flex-basis h-column__inner h-px-lg-2 h-px-md-2 h-px-2 v-inner-lg-2 v-inner-md-2 v-inner-2 style-329 style-local-372-c4 position-relative\">\n              <!---->\n              <!---->\n              <div class=\"w-100 h-y-container h-column__content h-column__v-align flex-basis-100 align-self-lg-start align-self-md-start align-self-start\">\n                <!---->\n                <div data-colibri-id=\"372-c11\" class=\"d-block style-336 style-local-372-c11 position-relative h-element\">\n                  <!---->\n                  <div class=\"h-image__frame-container-outer\">\n                    <div class=\"h-image__frame-container\">\n                      <!---->\n                      <!---->\n                      <img decoding=\"async\" loading=\"lazy\" width=\"370\" height=\"546\" src=\"https:\/\/virtualtec.cl\/temas\/tatuaje\/wp-content\/uploads\/sites\/4\/2022\/05\/david.jpg\" class=\"wp-image-244 style-336-image style-local-372-c11-image\" srcset=\"https:\/\/virtualtec.cl\/temas\/tatuaje\/wp-content\/uploads\/sites\/4\/2022\/05\/david.jpg 370w, https:\/\/virtualtec.cl\/temas\/tatuaje\/wp-content\/uploads\/sites\/4\/2022\/05\/david-203x300.jpg 203w\" sizes=\"(max-width: 370px) 100vw, 370px\" alt=\"\" \/>\n                      <div class=\"h-image__frame h-hide-lg h-hide-md h-hide-sm style-336-frameImage style-local-372-c11-frameImage\"><\/div>\n                    <\/div>\n                  <\/div>\n                <\/div>\n              <\/div>\n            <\/div>\n          <\/div>\n          <div class=\"h-column h-column-container d-flex h-col-lg-auto h-col-md-auto h-col-auto style-330-outer style-local-372-c5-outer\">\n            <div data-colibri-id=\"372-c5\" class=\"d-flex h-flex-basis h-column__inner h-px-lg-2 h-px-md-2 h-px-2 v-inner-lg-2 v-inner-md-2 v-inner-2 style-330 style-local-372-c5 position-relative\">\n              <!---->\n              <!---->\n              <div class=\"w-100 h-y-container h-column__content h-column__v-align flex-basis-100 align-self-lg-start align-self-md-start align-self-start\">\n                <!---->\n                <div data-colibri-id=\"372-c12\" class=\"h-text h-text-component style-337 style-local-372-c12 position-relative h-element\">\n                  <!---->\n                  <!---->\n                  <div class=\"\">\n                    <p>El arte es mi pasi\u00f3n y la piel es mi lienzo. Como tatuador, me dedico a crear obras de arte \u00fanicas y significativas que se fusionan con tu historia personal. Cada trazo, cada detalle, est\u00e1 cuidadosamente dise\u00f1ado para transmitir tu\n                      esencia y plasmarla en un tatuaje que perdurar\u00e1 para siempre.<\/p>\n                    <p>Con a\u00f1os de experiencia en el mundo del tatuaje, he perfeccionado mi t\u00e9cnica y estilo para ofrecerte un trabajo de calidad y profesionalismo. Mi objetivo es crear una experiencia \u00fanica y satisfactoria para cada cliente, brindando un\n                      ambiente c\u00f3modo y seguro en el que puedas expresarte libremente.<\/p>\n                    <p>Ya sea que desees un dise\u00f1o delicado y minimalista o una pieza audaz y vibrante, estoy aqu\u00ed para hacer realidad tus ideas y transformarlas en una obra de arte viviente. Cada proyecto es un desaf\u00edo emocionante para m\u00ed, y me comprometo\n                      a superar tus expectativas en cada sesi\u00f3n.<\/p>\n                    <p>Si est\u00e1s listo para llevar tu historia a la piel y convertirla en un tatuaje excepcional, \u00a1estoy aqu\u00ed para ayudarte! Perm\u00edteme ser parte de tu viaje art\u00edstico y juntos crearemos una obra maestra \u00fanica que te acompa\u00f1ar\u00e1 para siempre.<\/p>\n                    <p>\u00a1Cont\u00e1ctame para reservar una consulta y comencemos a dar vida a tu imaginaci\u00f3n en un tatuaje incre\u00edblemente hermoso!<\/p>\n                  <\/div>\n                <\/div>\n              <\/div>\n            <\/div>\n          <\/div>\n        <\/div>\n      <\/div>\n    <\/div>\n  <\/div>\n  <div data-colibri-component=\"section\" data-colibri-id=\"372-c6\" id=\"custom-2\" class=\"h-section h-section-global-spacing d-flex align-items-lg-center align-items-md-center align-items-center style-331 style-local-372-c6 position-relative\">\n    <!---->\n    <!---->\n    <div class=\"h-section-grid-container h-section-boxed-container\">\n      <!---->\n      <div data-colibri-id=\"372-c13\" class=\"h-row-container gutters-row-lg-2 gutters-row-md-2 gutters-row-0 gutters-row-v-lg-2 gutters-row-v-md-2 gutters-row-v-2 style-338 style-local-372-c13 position-relative\">\n        <!---->\n        <div class=\"h-row justify-content-lg-center justify-content-md-center justify-content-center align-items-lg-stretch align-items-md-stretch align-items-stretch gutters-col-lg-2 gutters-col-md-2 gutters-col-0 gutters-col-v-lg-2 gutters-col-v-md-2 gutters-col-v-2\">\n          <!---->\n          <div class=\"h-column h-column-container d-flex h-col-lg-auto h-col-md-auto h-col-auto style-339-outer style-local-372-c14-outer\">\n            <div data-colibri-id=\"372-c14\" class=\"d-flex h-flex-basis h-column__inner h-px-lg-2 h-px-md-2 h-px-2 v-inner-lg-2 v-inner-md-2 v-inner-2 style-339 style-local-372-c14 position-relative\">\n              <!---->\n              <!---->\n              <div class=\"w-100 h-y-container h-column__content h-column__v-align flex-basis-100 align-self-lg-start align-self-md-start align-self-start\">\n                <!---->\n                <div data-colibri-id=\"372-c15\" class=\"h-global-transition-all h-heading style-340 style-local-372-c15 position-relative h-element\">\n                  <!---->\n                  <div class=\"h-heading__outer style-340 style-local-372-c15\">\n                    <!---->\n                    <!---->\n                    <h1 class=\"\">Portafolio<\/h1>\n                  <\/div>\n                <\/div>\n              <\/div>\n            <\/div>\n          <\/div>\n        <\/div>\n      <\/div>\n      <div data-colibri-id=\"372-c7\" class=\"h-row-container gutters-row-lg-2 gutters-row-md-2 gutters-row-0 gutters-row-v-lg-2 gutters-row-v-md-2 gutters-row-v-2 style-332 style-local-372-c7 position-relative\">\n        <!---->\n        <div class=\"h-row justify-content-lg-center justify-content-md-center justify-content-center align-items-lg-stretch align-items-md-stretch align-items-stretch gutters-col-lg-2 gutters-col-md-2 gutters-col-0 gutters-col-v-lg-2 gutters-col-v-md-2 gutters-col-v-2\">\n          <!---->\n          <div class=\"h-column h-column-container d-flex h-col-lg-auto h-col-md-auto h-col-auto style-333-outer style-local-372-c8-outer\">\n            <div data-colibri-id=\"372-c8\" class=\"d-flex h-flex-basis h-column__inner h-px-lg-2 h-px-md-2 h-px-2 v-inner-lg-2 v-inner-md-2 v-inner-2 style-333 style-local-372-c8 position-relative\">\n              <!---->\n              <!---->\n              <div class=\"w-100 h-y-container h-column__content h-column__v-align flex-basis-100 align-self-lg-start align-self-md-start align-self-start\">\n                <!---->\n                <div data-colibri-id=\"372-c16\" class=\"d-block style-341 style-local-372-c16 position-relative h-element\">\n                  <!---->\n                  <div class=\"h-image__frame-container-outer\">\n                    <div class=\"h-image__frame-container\">\n                      <!---->\n                      <!---->\n                      <img decoding=\"async\" loading=\"lazy\" width=\"427\" height=\"640\" src=\"https:\/\/virtualtec.cl\/temas\/tatuaje\/wp-content\/uploads\/sites\/4\/2023\/05\/tatoo-1.jpg\" class=\"wp-image-346 style-341-image style-local-372-c16-image\" srcset=\"https:\/\/virtualtec.cl\/temas\/tatuaje\/wp-content\/uploads\/sites\/4\/2023\/05\/tatoo-1.jpg 427w, https:\/\/virtualtec.cl\/temas\/tatuaje\/wp-content\/uploads\/sites\/4\/2023\/05\/tatoo-1-200x300.jpg 200w\" sizes=\"(max-width: 427px) 100vw, 427px\" alt=\"\" \/>\n                      <div class=\"h-image__frame h-hide-lg h-hide-md h-hide-sm style-341-frameImage style-local-372-c16-frameImage\"><\/div>\n                    <\/div>\n                  <\/div>\n                <\/div>\n              <\/div>\n            <\/div>\n          <\/div>\n          <div class=\"h-column h-column-container d-flex h-col-lg-auto h-col-md-auto h-col-auto style-334-outer style-local-372-c9-outer\">\n            <div data-colibri-id=\"372-c9\" class=\"d-flex h-flex-basis h-column__inner h-px-lg-2 h-px-md-2 h-px-2 v-inner-lg-2 v-inner-md-2 v-inner-2 style-334 style-local-372-c9 position-relative\">\n              <!---->\n              <!---->\n              <div class=\"w-100 h-y-container h-column__content h-column__v-align flex-basis-100 align-self-lg-start align-self-md-start align-self-start\">\n                <!---->\n                <div data-colibri-id=\"372-c17\" class=\"d-block style-342 style-local-372-c17 position-relative h-element\">\n                  <!---->\n                  <div class=\"h-image__frame-container-outer\">\n                    <div class=\"h-image__frame-container\">\n                      <!---->\n                      <!---->\n                      <img decoding=\"async\" loading=\"lazy\" width=\"910\" height=\"1365\" src=\"https:\/\/virtualtec.cl\/temas\/tatuaje\/wp-content\/uploads\/sites\/4\/2023\/05\/tatoo-4.jpg\" class=\"wp-image-348 style-342-image style-local-372-c17-image\" srcset=\"https:\/\/virtualtec.cl\/temas\/tatuaje\/wp-content\/uploads\/sites\/4\/2023\/05\/tatoo-4.jpg 910w, https:\/\/virtualtec.cl\/temas\/tatuaje\/wp-content\/uploads\/sites\/4\/2023\/05\/tatoo-4-200x300.jpg 200w, https:\/\/virtualtec.cl\/temas\/tatuaje\/wp-content\/uploads\/sites\/4\/2023\/05\/tatoo-4-683x1024.jpg 683w, https:\/\/virtualtec.cl\/temas\/tatuaje\/wp-content\/uploads\/sites\/4\/2023\/05\/tatoo-4-768x1152.jpg 768w\" sizes=\"(max-width: 910px) 100vw, 910px\" alt=\"\" \/>\n                      <div class=\"h-image__frame h-hide-lg h-hide-md h-hide-sm style-342-frameImage style-local-372-c17-frameImage\"><\/div>\n                    <\/div>\n                  <\/div>\n                <\/div>\n              <\/div>\n            <\/div>\n          <\/div>\n          <div class=\"h-column h-column-container d-flex h-col-lg-auto h-col-md-auto h-col-auto style-335-outer style-local-372-c10-outer\">\n            <div data-colibri-id=\"372-c10\" class=\"d-flex h-flex-basis h-column__inner h-px-lg-2 h-px-md-2 h-px-2 v-inner-lg-2 v-inner-md-2 v-inner-2 style-335 style-local-372-c10 position-relative\">\n              <!---->\n              <!---->\n              <div class=\"w-100 h-y-container h-column__content h-column__v-align flex-basis-100 align-self-lg-start align-self-md-start align-self-start\">\n                <!---->\n                <div data-colibri-id=\"372-c18\" class=\"d-block style-343 style-local-372-c18 position-relative h-element\">\n                  <!---->\n                  <div class=\"h-image__frame-container-outer\">\n                    <div class=\"h-image__frame-container\">\n                      <!---->\n                      <!---->\n                      <img decoding=\"async\" loading=\"lazy\" width=\"427\" height=\"640\" src=\"https:\/\/virtualtec.cl\/temas\/tatuaje\/wp-content\/uploads\/sites\/4\/2023\/05\/tatoo-2.jpg\" class=\"wp-image-345 style-343-image style-local-372-c18-image\" srcset=\"https:\/\/virtualtec.cl\/temas\/tatuaje\/wp-content\/uploads\/sites\/4\/2023\/05\/tatoo-2.jpg 427w, https:\/\/virtualtec.cl\/temas\/tatuaje\/wp-content\/uploads\/sites\/4\/2023\/05\/tatoo-2-200x300.jpg 200w\" sizes=\"(max-width: 427px) 100vw, 427px\" alt=\"\" \/>\n                      <div class=\"h-image__frame h-hide-lg h-hide-md h-hide-sm style-343-frameImage style-local-372-c18-frameImage\"><\/div>\n                    <\/div>\n                  <\/div>\n                <\/div>\n              <\/div>\n            <\/div>\n          <\/div>\n        <\/div>\n      <\/div>\n    <\/div>\n  <\/div>\n<\/div>","protected":false},"excerpt":{"rendered":"<p>El arte es mi pasi\u00f3n y la piel es mi lienzo. Como tatuador, me dedico a crear obras de arte \u00fanicas y significativas que se fusionan con tu historia personal. Cada trazo, cada detalle, est\u00e1 cuidadosamente dise\u00f1ado para transmitir tu esencia y plasmarla en un tatuaje que perdurar\u00e1 para siempre. Con a\u00f1os de experiencia en [&hellip;]<\/p>\n","protected":false},"author":1,"featured_media":0,"parent":0,"menu_order":0,"comment_status":"closed","ping_status":"closed","template":"page-templates\/full-width-page.php","meta":{"footnotes":""},"_links":{"self":[{"href":"https:\/\/virtualtec.cl\/temas\/tatuaje\/wp-json\/wp\/v2\/pages\/372"}],"collection":[{"href":"https:\/\/virtualtec.cl\/temas\/tatuaje\/wp-json\/wp\/v2\/pages"}],"about":[{"href":"https:\/\/virtualtec.cl\/temas\/tatuaje\/wp-json\/wp\/v2\/types\/page"}],"author":[{"embeddable":true,"href":"https:\/\/virtualtec.cl\/temas\/tatuaje\/wp-json\/wp\/v2\/users\/1"}],"replies":[{"embeddable":true,"href":"https:\/\/virtualtec.cl\/temas\/tatuaje\/wp-json\/wp\/v2\/comments?post=372"}],"version-history":[{"count":3,"href":"https:\/\/virtualtec.cl\/temas\/tatuaje\/wp-json\/wp\/v2\/pages\/372\/revisions"}],"predecessor-version":[{"id":378,"href":"https:\/\/virtualtec.cl\/temas\/tatuaje\/wp-json\/wp\/v2\/pages\/372\/revisions\/378"}],"wp:attachment":[{"href":"https:\/\/virtualtec.cl\/temas\/tatuaje\/wp-json\/wp\/v2\/media?parent=372"}],"curies":[{"name":"wp","href":"https:\/\/api.w.org\/{rel}","templated":true}]}}