{"id":299,"date":"2023-06-05T19:36:34","date_gmt":"2023-06-05T23:36:34","guid":{"rendered":"https:\/\/virtualtec.cl\/temas\/?page_id=299"},"modified":"2023-10-03T13:24:44","modified_gmt":"2023-10-03T17:24:44","slug":"home","status":"publish","type":"page","link":"https:\/\/virtualtec.cl\/temas\/","title":{"rendered":"Home"},"content":{"rendered":"<div class=\"gb-container gb-container-093d4e81\">\n<div class=\"gb-container gb-container-aa67bb64\">\n\n<h2 class=\"gb-headline gb-headline-7b9ba31c gb-headline-text\">Todos nuestros sitios web incluyen Hosting y dominio (.CL) GRATIS por un a\u00f1o<\/h2>\n\n\n\n<p class=\"has-text-align-center\"><strong>\u00bfC\u00f3mo funciona?<\/strong> Escoge un dise\u00f1o, te pediremos fotos, textos e informaci\u00f3n para crear tu sitio web\u2026 \u00a1<strong>Y LISTO<\/strong>!<\/p>\n\n<\/div>\n<\/div>\n\n<div class=\"gb-container gb-container-ab6a2750\">\n<div class=\"gb-grid-wrapper gb-grid-wrapper-ac7dbe86\">\n<div class=\"gb-grid-column gb-grid-column-131bce73\"><div class=\"gb-container gb-container-131bce73\">\n\n<figure class=\"gb-block-image gb-block-image-505a32a5\"><a href=\"https:\/\/virtualtec.cl\/temas\/producto\/pagina-web-para-la-salud\/\"><img decoding=\"async\" loading=\"lazy\" width=\"900\" height=\"900\" class=\"gb-image gb-image-505a32a5\" src=\"https:\/\/virtualtec.cl\/temas\/wp-content\/uploads\/2023\/05\/salud-destacada.jpg\" alt=\"pagina web salud\" title=\"pagina web salud\" srcset=\"https:\/\/virtualtec.cl\/temas\/wp-content\/uploads\/2023\/05\/salud-destacada.jpg 900w, https:\/\/virtualtec.cl\/temas\/wp-content\/uploads\/2023\/05\/salud-destacada-300x300.jpg 300w, https:\/\/virtualtec.cl\/temas\/wp-content\/uploads\/2023\/05\/salud-destacada-150x150.jpg 150w, https:\/\/virtualtec.cl\/temas\/wp-content\/uploads\/2023\/05\/salud-destacada-768x768.jpg 768w, https:\/\/virtualtec.cl\/temas\/wp-content\/uploads\/2023\/05\/salud-destacada-600x600.jpg 600w, https:\/\/virtualtec.cl\/temas\/wp-content\/uploads\/2023\/05\/salud-destacada-100x100.jpg 100w\" sizes=\"(max-width: 900px) 100vw, 900px\" \/><\/a><\/figure>\n\n\n\n<h5 class=\"gb-headline gb-headline-da75ad4d gb-headline-text\"><strong>P\u00e1gina web para Salud<\/strong><\/h5>\n\n\n\n<h3 class=\"gb-headline gb-headline-ce317571 gb-headline-text\">$90.000<\/h3>\n\n\n\n<a class=\"gb-button gb-button-eaeaebb4 gb-button-text\" href=\"https:\/\/virtualtec.cl\/temas\/producto\/pagina-web-para-la-salud\/\">LO QUIERO<\/a>\n\n<\/div><\/div>\n\n<div class=\"gb-grid-column gb-grid-column-6d3802b6\"><div class=\"gb-container gb-container-6d3802b6\">\n\n<figure class=\"gb-block-image gb-block-image-9844f80a\"><a href=\"https:\/\/virtualtec.cl\/temas\/producto\/pagina-web-para-abogados\/\"><img decoding=\"async\" loading=\"lazy\" width=\"500\" height=\"535\" class=\"gb-image gb-image-9844f80a\" src=\"https:\/\/virtualtec.cl\/temas\/wp-content\/uploads\/2022\/11\/abogado.foto_.jpg\" alt=\"\" title=\"abogado.foto\" srcset=\"https:\/\/virtualtec.cl\/temas\/wp-content\/uploads\/2022\/11\/abogado.foto_.jpg 500w, https:\/\/virtualtec.cl\/temas\/wp-content\/uploads\/2022\/11\/abogado.foto_-280x300.jpg 280w\" sizes=\"(max-width: 500px) 100vw, 500px\" \/><\/a><\/figure>\n\n\n\n<h5 class=\"gb-headline gb-headline-5c6d3e8c gb-headline-text\"><strong>P\u00e1gina web para Abogados<\/strong><\/h5>\n\n\n\n<h3 class=\"gb-headline gb-headline-35114719 gb-headline-text\">$90.000<\/h3>\n\n\n\n<a class=\"gb-button gb-button-872feb57 gb-button-text\" href=\"https:\/\/virtualtec.cl\/temas\/producto\/pagina-web-para-abogados\/\">LO QUIERO<\/a>\n\n<\/div><\/div>\n\n<div class=\"gb-grid-column gb-grid-column-134d2dda\"><div class=\"gb-container gb-container-134d2dda\">\n\n<figure class=\"gb-block-image gb-block-image-9344cd2b\"><a href=\"https:\/\/virtualtec.cl\/temas\/producto\/pagina-web-para-tatuadores\/\"><img decoding=\"async\" loading=\"lazy\" width=\"500\" height=\"535\" class=\"gb-image gb-image-9344cd2b\" src=\"https:\/\/virtualtec.cl\/temas\/wp-content\/uploads\/2023\/05\/tatuaje-foto.jpg\" alt=\"tatuaje foto\" title=\"tatuaje foto\" srcset=\"https:\/\/virtualtec.cl\/temas\/wp-content\/uploads\/2023\/05\/tatuaje-foto.jpg 500w, https:\/\/virtualtec.cl\/temas\/wp-content\/uploads\/2023\/05\/tatuaje-foto-280x300.jpg 280w\" sizes=\"(max-width: 500px) 100vw, 500px\" \/><\/a><\/figure>\n\n\n\n<h5 class=\"gb-headline gb-headline-d1a1a29e gb-headline-text\"><strong>P\u00e1gina web para Tatuadores<\/strong><\/h5>\n\n\n\n<h3 class=\"gb-headline gb-headline-1245188a gb-headline-text\">$90.000<\/h3>\n\n\n\n<a class=\"gb-button gb-button-8eb05684 gb-button-text\" href=\"https:\/\/virtualtec.cl\/temas\/producto\/pagina-web-para-tatuadores\/\">LO QUIERO<\/a>\n\n<\/div><\/div>\n\n<div class=\"gb-grid-column gb-grid-column-5a96f1d5\"><div class=\"gb-container gb-container-5a96f1d5\">\n\n<figure class=\"gb-block-image gb-block-image-3e78d726\"><a href=\"https:\/\/virtualtec.cl\/temas\/producto\/pagina-web-para-barberia\/\"><img decoding=\"async\" loading=\"lazy\" width=\"500\" height=\"535\" class=\"gb-image gb-image-3e78d726\" src=\"https:\/\/virtualtec.cl\/temas\/wp-content\/uploads\/2023\/05\/barberia-foto.jpg\" alt=\"barberia foto\" title=\"barberia foto\" srcset=\"https:\/\/virtualtec.cl\/temas\/wp-content\/uploads\/2023\/05\/barberia-foto.jpg 500w, https:\/\/virtualtec.cl\/temas\/wp-content\/uploads\/2023\/05\/barberia-foto-280x300.jpg 280w\" sizes=\"(max-width: 500px) 100vw, 500px\" \/><\/a><\/figure>\n\n\n\n<h5 class=\"gb-headline gb-headline-f9b15778 gb-headline-text\"><strong>P\u00e1gina web para Barber\u00eda<\/strong><\/h5>\n\n\n\n<h3 class=\"gb-headline gb-headline-d7ace179 gb-headline-text\">$90.000<\/h3>\n\n\n\n<a class=\"gb-button gb-button-ca05e8ff gb-button-text\" href=\"https:\/\/virtualtec.cl\/temas\/producto\/pagina-web-para-barberia\/\">LO QUIERO<\/a>\n\n<\/div><\/div>\n<\/div>\n\n<div class=\"gb-grid-wrapper gb-grid-wrapper-133275c3\">\n<div class=\"gb-grid-column gb-grid-column-fbf44062\"><div class=\"gb-container gb-container-fbf44062\">\n\n<figure class=\"gb-block-image gb-block-image-c170103a\"><a href=\"https:\/\/virtualtec.cl\/temas\/producto\/pagina-web-para-restaurant\/\"><img decoding=\"async\" loading=\"lazy\" width=\"500\" height=\"535\" class=\"gb-image gb-image-c170103a\" src=\"https:\/\/virtualtec.cl\/temas\/wp-content\/uploads\/2023\/05\/restaurant-foto.jpg\" alt=\"restaurant foto\" title=\"restaurant foto\" srcset=\"https:\/\/virtualtec.cl\/temas\/wp-content\/uploads\/2023\/05\/restaurant-foto.jpg 500w, https:\/\/virtualtec.cl\/temas\/wp-content\/uploads\/2023\/05\/restaurant-foto-280x300.jpg 280w\" sizes=\"(max-width: 500px) 100vw, 500px\" \/><\/a><\/figure>\n\n\n\n<h5 class=\"gb-headline gb-headline-db109659 gb-headline-text\"><strong>P\u00e1gina web para Restaurant<\/strong><\/h5>\n\n\n\n<h3 class=\"gb-headline gb-headline-3b740566 gb-headline-text\">$90.000<\/h3>\n\n\n\n<a class=\"gb-button gb-button-6739624a gb-button-text\" href=\"https:\/\/virtualtec.cl\/temas\/producto\/pagina-web-para-restaurant\/\">LO QUIERO<\/a>\n\n<\/div><\/div>\n\n<div class=\"gb-grid-column gb-grid-column-570ccc88\"><div class=\"gb-container gb-container-570ccc88\">\n\n<figure class=\"gb-block-image gb-block-image-c1be695f\"><a href=\"https:\/\/virtualtec.cl\/temas\/producto\/pagina-web-para-hotel\/\"><img decoding=\"async\" loading=\"lazy\" width=\"860\" height=\"920\" class=\"gb-image gb-image-c1be695f\" src=\"https:\/\/virtualtec.cl\/temas\/wp-content\/uploads\/2023\/05\/hotel-destacada.jpg\" alt=\"\" title=\"hotel-destacada\" srcset=\"https:\/\/virtualtec.cl\/temas\/wp-content\/uploads\/2023\/05\/hotel-destacada.jpg 860w, https:\/\/virtualtec.cl\/temas\/wp-content\/uploads\/2023\/05\/hotel-destacada-280x300.jpg 280w, https:\/\/virtualtec.cl\/temas\/wp-content\/uploads\/2023\/05\/hotel-destacada-768x822.jpg 768w, https:\/\/virtualtec.cl\/temas\/wp-content\/uploads\/2023\/05\/hotel-destacada-600x642.jpg 600w\" sizes=\"(max-width: 860px) 100vw, 860px\" \/><\/a><\/figure>\n\n\n\n<h5 class=\"gb-headline gb-headline-65e39dfb gb-headline-text\"><strong>P\u00e1gina web para Hotel<\/strong><\/h5>\n\n\n\n<h3 class=\"gb-headline gb-headline-848eb198 gb-headline-text\">$270.000<\/h3>\n\n\n\n<a class=\"gb-button gb-button-19cc715a gb-button-text\" href=\"https:\/\/virtualtec.cl\/temas\/producto\/pagina-web-para-hotel\/\">LO QUIERO<\/a>\n\n<\/div><\/div>\n\n<div class=\"gb-grid-column gb-grid-column-e21d93fb\"><div class=\"gb-container gb-container-e21d93fb\">\n\n<figure class=\"gb-block-image gb-block-image-bcb53be2\"><a href=\"https:\/\/virtualtec.cl\/temas\/producto\/integracion-webpay-plus-transbank\/\"><img decoding=\"async\" loading=\"lazy\" width=\"654\" height=\"654\" class=\"gb-image gb-image-bcb53be2\" src=\"https:\/\/virtualtec.cl\/temas\/wp-content\/uploads\/2023\/06\/pago-online-webpay.jpg\" alt=\"pago online webpay\" title=\"pago online webpay\" srcset=\"https:\/\/virtualtec.cl\/temas\/wp-content\/uploads\/2023\/06\/pago-online-webpay.jpg 654w, https:\/\/virtualtec.cl\/temas\/wp-content\/uploads\/2023\/06\/pago-online-webpay-300x300.jpg 300w, https:\/\/virtualtec.cl\/temas\/wp-content\/uploads\/2023\/06\/pago-online-webpay-150x150.jpg 150w, https:\/\/virtualtec.cl\/temas\/wp-content\/uploads\/2023\/06\/pago-online-webpay-600x600.jpg 600w, https:\/\/virtualtec.cl\/temas\/wp-content\/uploads\/2023\/06\/pago-online-webpay-100x100.jpg 100w\" sizes=\"(max-width: 654px) 100vw, 654px\" \/><\/a><\/figure>\n\n\n\n<h5 class=\"gb-headline gb-headline-185f0062 gb-headline-text\"><strong>Integraci\u00f3n Webpay Plus Transbank<\/strong><\/h5>\n\n\n\n<h3 class=\"gb-headline gb-headline-8b60c998 gb-headline-text\">$90.000<\/h3>\n\n\n\n<a class=\"gb-button gb-button-b928f7fc gb-button-text\" href=\"https:\/\/virtualtec.cl\/temas\/producto\/integracion-webpay-plus-transbank\/\">LO QUIERO<\/a>\n\n<\/div><\/div>\n<\/div>\n<\/div>","protected":false},"excerpt":{"rendered":"<p>Todos nuestros sitios web incluyen Hosting y dominio (.CL) GRATIS por un a\u00f1o \u00bfC\u00f3mo funciona? Escoge un dise\u00f1o, te pediremos fotos, textos e informaci\u00f3n para &#8230; <a title=\"Home\" class=\"read-more\" href=\"https:\/\/virtualtec.cl\/temas\/\" aria-label=\"M\u00e1s en Home\">Read more<\/a><\/p>\n","protected":false},"author":1,"featured_media":188,"parent":0,"menu_order":0,"comment_status":"closed","ping_status":"closed","template":"","meta":{"footnotes":""},"_links":{"self":[{"href":"https:\/\/virtualtec.cl\/temas\/wp-json\/wp\/v2\/pages\/299"}],"collection":[{"href":"https:\/\/virtualtec.cl\/temas\/wp-json\/wp\/v2\/pages"}],"about":[{"href":"https:\/\/virtualtec.cl\/temas\/wp-json\/wp\/v2\/types\/page"}],"author":[{"embeddable":true,"href":"https:\/\/virtualtec.cl\/temas\/wp-json\/wp\/v2\/users\/1"}],"replies":[{"embeddable":true,"href":"https:\/\/virtualtec.cl\/temas\/wp-json\/wp\/v2\/comments?post=299"}],"version-history":[{"count":1,"href":"https:\/\/virtualtec.cl\/temas\/wp-json\/wp\/v2\/pages\/299\/revisions"}],"predecessor-version":[{"id":354,"href":"https:\/\/virtualtec.cl\/temas\/wp-json\/wp\/v2\/pages\/299\/revisions\/354"}],"wp:featuredmedia":[{"embeddable":true,"href":"https:\/\/virtualtec.cl\/temas\/wp-json\/wp\/v2\/media\/188"}],"wp:attachment":[{"href":"https:\/\/virtualtec.cl\/temas\/wp-json\/wp\/v2\/media?parent=299"}],"curies":[{"name":"wp","href":"https:\/\/api.w.org\/{rel}","templated":true}]}}