{"id":127,"date":"2023-05-15T02:23:07","date_gmt":"2023-05-15T06:23:07","guid":{"rendered":"https:\/\/virtualtec.cl\/temas\/?post_type=product&#038;p=127"},"modified":"2023-07-07T01:56:30","modified_gmt":"2023-07-07T05:56:30","slug":"pagina-web-para-restaurant","status":"publish","type":"product","link":"https:\/\/virtualtec.cl\/temas\/producto\/pagina-web-para-restaurant\/","title":{"rendered":"P\u00e1gina Web para restaurant"},"content":{"rendered":"<p><img decoding=\"async\" loading=\"lazy\" class=\"aligncenter size-full wp-image-246\" src=\"https:\/\/virtualtec.cl\/temas\/wp-content\/uploads\/2023\/05\/restorant-1.jpg\" alt=\"\" width=\"1400\" height=\"1886\" srcset=\"https:\/\/virtualtec.cl\/temas\/wp-content\/uploads\/2023\/05\/restorant-1.jpg 1400w, https:\/\/virtualtec.cl\/temas\/wp-content\/uploads\/2023\/05\/restorant-1-223x300.jpg 223w, https:\/\/virtualtec.cl\/temas\/wp-content\/uploads\/2023\/05\/restorant-1-760x1024.jpg 760w, https:\/\/virtualtec.cl\/temas\/wp-content\/uploads\/2023\/05\/restorant-1-768x1035.jpg 768w, https:\/\/virtualtec.cl\/temas\/wp-content\/uploads\/2023\/05\/restorant-1-1140x1536.jpg 1140w, https:\/\/virtualtec.cl\/temas\/wp-content\/uploads\/2023\/05\/restorant-1-600x808.jpg 600w\" sizes=\"(max-width: 1400px) 100vw, 1400px\" \/><\/p>\n<p><img decoding=\"async\" loading=\"lazy\" class=\"aligncenter size-full wp-image-247\" src=\"https:\/\/virtualtec.cl\/temas\/wp-content\/uploads\/2023\/05\/restorant-2.jpg\" alt=\"\" width=\"1400\" height=\"1027\" srcset=\"https:\/\/virtualtec.cl\/temas\/wp-content\/uploads\/2023\/05\/restorant-2.jpg 1400w, https:\/\/virtualtec.cl\/temas\/wp-content\/uploads\/2023\/05\/restorant-2-300x220.jpg 300w, https:\/\/virtualtec.cl\/temas\/wp-content\/uploads\/2023\/05\/restorant-2-1024x751.jpg 1024w, https:\/\/virtualtec.cl\/temas\/wp-content\/uploads\/2023\/05\/restorant-2-768x563.jpg 768w, https:\/\/virtualtec.cl\/temas\/wp-content\/uploads\/2023\/05\/restorant-2-600x440.jpg 600w\" sizes=\"(max-width: 1400px) 100vw, 1400px\" \/><\/p>\n<p><img decoding=\"async\" loading=\"lazy\" class=\"aligncenter size-full wp-image-248\" src=\"https:\/\/virtualtec.cl\/temas\/wp-content\/uploads\/2023\/05\/restorant-3.jpg\" alt=\"\" width=\"1400\" height=\"774\" srcset=\"https:\/\/virtualtec.cl\/temas\/wp-content\/uploads\/2023\/05\/restorant-3.jpg 1400w, https:\/\/virtualtec.cl\/temas\/wp-content\/uploads\/2023\/05\/restorant-3-300x166.jpg 300w, https:\/\/virtualtec.cl\/temas\/wp-content\/uploads\/2023\/05\/restorant-3-1024x566.jpg 1024w, https:\/\/virtualtec.cl\/temas\/wp-content\/uploads\/2023\/05\/restorant-3-768x425.jpg 768w, https:\/\/virtualtec.cl\/temas\/wp-content\/uploads\/2023\/05\/restorant-3-600x332.jpg 600w\" sizes=\"(max-width: 1400px) 100vw, 1400px\" \/><\/p>\n<p><img decoding=\"async\" loading=\"lazy\" class=\"aligncenter size-full wp-image-249\" src=\"https:\/\/virtualtec.cl\/temas\/wp-content\/uploads\/2023\/05\/restorant-4.jpg\" alt=\"\" width=\"1640\" height=\"1317\" srcset=\"https:\/\/virtualtec.cl\/temas\/wp-content\/uploads\/2023\/05\/restorant-4.jpg 1640w, https:\/\/virtualtec.cl\/temas\/wp-content\/uploads\/2023\/05\/restorant-4-300x241.jpg 300w, https:\/\/virtualtec.cl\/temas\/wp-content\/uploads\/2023\/05\/restorant-4-1024x822.jpg 1024w, https:\/\/virtualtec.cl\/temas\/wp-content\/uploads\/2023\/05\/restorant-4-768x617.jpg 768w, https:\/\/virtualtec.cl\/temas\/wp-content\/uploads\/2023\/05\/restorant-4-1536x1233.jpg 1536w, https:\/\/virtualtec.cl\/temas\/wp-content\/uploads\/2023\/05\/restorant-4-600x482.jpg 600w\" sizes=\"(max-width: 1640px) 100vw, 1640px\" \/><\/p>\n","protected":false},"excerpt":{"rendered":"<div class=\"ver-en-vivo\"><a href=\"https:\/\/virtualtec.cl\/temas\/restaurante\/\" target=\"_blank\" rel=\"noopener\">Puedes ver En Vivo nuestra web para Restaurante<\/a><\/div>\n<p>Impulsa tu restaurante con un sitio web irresistible. Muestra tu exquisito men\u00fa con un dise\u00f1o web profesional y atractivo. Nuestros servicios de desarrollo web para restaurantes te permitir\u00e1n destacar tu cocina. Aprovecha esta oportunidad para expandir tu presencia en l\u00ednea, atraer a nuevos comensales y aumentar tus ventas. Un sitio web autoadministrable y f\u00e1cil de manejar.<\/p>\n<h2>Algunas caracter\u00edsticas<\/h2>\n<ul>\n<li>Dise\u00f1o Profesional y Atractivo<\/li>\n<li><strong>Hosting<\/strong>: 4GB, 5 cuentas de correos <strong>GRATIS por un a\u00f1o<\/strong><\/li>\n<li>Dominio .CL <strong>GRATIS por un a\u00f1o<\/strong><\/li>\n<li>Bot\u00f3n WhatsApp y RRSS<\/li>\n<li>5 p\u00e1ginas (Portada, Nosotros, Servicios, Galer\u00eda, Contacto)<\/li>\n<li>Certificado SSL<\/li>\n<\/ul>\n<p><strong>\u00a1Cambia los colores, fotos y men\u00fa a tus necesidades!<\/strong><\/p>\n","protected":false},"featured_media":128,"template":"","meta":[],"product_cat":[23],"product_tag":[],"_links":{"self":[{"href":"https:\/\/virtualtec.cl\/temas\/wp-json\/wp\/v2\/product\/127"}],"collection":[{"href":"https:\/\/virtualtec.cl\/temas\/wp-json\/wp\/v2\/product"}],"about":[{"href":"https:\/\/virtualtec.cl\/temas\/wp-json\/wp\/v2\/types\/product"}],"wp:featuredmedia":[{"embeddable":true,"href":"https:\/\/virtualtec.cl\/temas\/wp-json\/wp\/v2\/media\/128"}],"wp:attachment":[{"href":"https:\/\/virtualtec.cl\/temas\/wp-json\/wp\/v2\/media?parent=127"}],"wp:term":[{"taxonomy":"product_cat","embeddable":true,"href":"https:\/\/virtualtec.cl\/temas\/wp-json\/wp\/v2\/product_cat?post=127"},{"taxonomy":"product_tag","embeddable":true,"href":"https:\/\/virtualtec.cl\/temas\/wp-json\/wp\/v2\/product_tag?post=127"}],"curies":[{"name":"wp","href":"https:\/\/api.w.org\/{rel}","templated":true}]}}