{"id":277,"date":"2023-05-28T18:35:04","date_gmt":"2023-05-28T22:35:04","guid":{"rendered":"https:\/\/virtualtec.cl\/temas\/?post_type=product&#038;p=277"},"modified":"2023-06-03T15:59:36","modified_gmt":"2023-06-03T19:59:36","slug":"pagina-web-para-la-salud","status":"publish","type":"product","link":"https:\/\/virtualtec.cl\/temas\/producto\/pagina-web-para-la-salud\/","title":{"rendered":"P\u00e1gina Web para la Salud"},"content":{"rendered":"<p><img decoding=\"async\" loading=\"lazy\" class=\"aligncenter size-full wp-image-285\" src=\"https:\/\/virtualtec.cl\/temas\/wp-content\/uploads\/2023\/05\/web-salud-detalle-1400x5563-1.jpg\" alt=\"\" width=\"1400\" height=\"5563\" \/><\/p>\n","protected":false},"excerpt":{"rendered":"<p>Nuestra incre\u00edble plantilla web dise\u00f1ada especialmente para cl\u00ednicas, centros m\u00e9dicos y para todos aquellos profesionales de la salud. Si est\u00e1s buscando una soluci\u00f3n completa y de alta calidad para tu presencia en l\u00ednea, has llegado al lugar correcto.<\/p>\n<h2>Algunas caracter\u00edsticas<\/h2>\n<ul>\n<li>Dise\u00f1o Profesional y Atractivo<\/li>\n<li><strong>Hosting<\/strong>: 4GB, 5 cuentas de correos <strong>GRATIS por un a\u00f1o<\/strong><\/li>\n<li>Dominio .CL <strong>GRATIS por un a\u00f1o<\/strong><\/li>\n<li>Bot\u00f3n WhatsApp y RRSS<\/li>\n<li>5 p\u00e1ginas (Portada, Nosotros, Servicios, Galer\u00eda, Contacto)<\/li>\n<li>Certificado SSL<\/li>\n<\/ul>\n<p><strong>Si te gusta este dise\u00f1o<\/strong> pero no eres profesional de la Salud <strong>\u00a1NO TE PREOCUPES!<\/strong> podemos adaptarla a tus necesidades laborales (empresas, oficios, profesionales de otras \u00e1reas, etc.). Solo debes elegir los colores, fotos, logo, contenidos \u00a1Y LISTO!, en tres d\u00edas podr\u00edas tener tu sitio web puesto en Internet.<\/p>\n","protected":false},"featured_media":278,"template":"","meta":[],"product_cat":[27],"product_tag":[],"_links":{"self":[{"href":"https:\/\/virtualtec.cl\/temas\/wp-json\/wp\/v2\/product\/277"}],"collection":[{"href":"https:\/\/virtualtec.cl\/temas\/wp-json\/wp\/v2\/product"}],"about":[{"href":"https:\/\/virtualtec.cl\/temas\/wp-json\/wp\/v2\/types\/product"}],"wp:featuredmedia":[{"embeddable":true,"href":"https:\/\/virtualtec.cl\/temas\/wp-json\/wp\/v2\/media\/278"}],"wp:attachment":[{"href":"https:\/\/virtualtec.cl\/temas\/wp-json\/wp\/v2\/media?parent=277"}],"wp:term":[{"taxonomy":"product_cat","embeddable":true,"href":"https:\/\/virtualtec.cl\/temas\/wp-json\/wp\/v2\/product_cat?post=277"},{"taxonomy":"product_tag","embeddable":true,"href":"https:\/\/virtualtec.cl\/temas\/wp-json\/wp\/v2\/product_tag?post=277"}],"curies":[{"name":"wp","href":"https:\/\/api.w.org\/{rel}","templated":true}]}}