{"id":291,"date":"2023-06-04T03:20:49","date_gmt":"2023-06-04T07:20:49","guid":{"rendered":"https:\/\/virtualtec.cl\/temas\/?post_type=product&#038;p=291"},"modified":"2023-06-04T03:42:56","modified_gmt":"2023-06-04T07:42:56","slug":"integracion-webpay-plus-transbank","status":"publish","type":"product","link":"https:\/\/virtualtec.cl\/temas\/producto\/integracion-webpay-plus-transbank\/","title":{"rendered":"Integraci\u00f3n Webpay Plus Transbank"},"content":{"rendered":"<p>Integracion de pasarela de pago para tiendas virtuales con Woocommerce, tenemos la opci\u00f3n de pago de Webpay Plus de Transbank. Con ello podr\u00e1s <b>ofrecer pagos online desde tu sitio web con tarjetas de d\u00e9bito y cr\u00e9dito.<\/b><\/p>\n<p><strong>Este servicio incluye: <\/strong>Integraci\u00f3n y configuraci\u00f3n de plataforma de pago (Pasarela de Pago)<\/p>\n<p><strong>Tiempo de entrega: <\/strong>24 a 72 horas despu\u00e9s de coordinar con cliente.<\/p>\n<p><strong>Requisitos<\/strong><\/p>\n<ul>\n<li>Datos de acceso al hosting o al administrador de su web.<\/li>\n<li>El sitio web debe estar desarrollado en WordPress y contar con la estructura para tienda online.<\/li>\n<li>El cliente debe haber solicitado la afiliaci\u00f3n en la empresa de procesamiento de pagos (Transbank, Flow, entre otras) y por lo tanto contar con c\u00f3digo de comercio.<\/li>\n<\/ul>\n","protected":false},"excerpt":{"rendered":"<p>Integramos una o varias pasarelas de pagos de Chile. Con ello podr\u00e1s <b>ofrecer pagos online desde tu sitio web con tarjetas de d\u00e9bito, cr\u00e9dito o prepago.<\/b><\/p>\n","protected":false},"featured_media":292,"template":"","meta":[],"product_cat":[28],"product_tag":[],"_links":{"self":[{"href":"https:\/\/virtualtec.cl\/temas\/wp-json\/wp\/v2\/product\/291"}],"collection":[{"href":"https:\/\/virtualtec.cl\/temas\/wp-json\/wp\/v2\/product"}],"about":[{"href":"https:\/\/virtualtec.cl\/temas\/wp-json\/wp\/v2\/types\/product"}],"wp:featuredmedia":[{"embeddable":true,"href":"https:\/\/virtualtec.cl\/temas\/wp-json\/wp\/v2\/media\/292"}],"wp:attachment":[{"href":"https:\/\/virtualtec.cl\/temas\/wp-json\/wp\/v2\/media?parent=291"}],"wp:term":[{"taxonomy":"product_cat","embeddable":true,"href":"https:\/\/virtualtec.cl\/temas\/wp-json\/wp\/v2\/product_cat?post=291"},{"taxonomy":"product_tag","embeddable":true,"href":"https:\/\/virtualtec.cl\/temas\/wp-json\/wp\/v2\/product_tag?post=291"}],"curies":[{"name":"wp","href":"https:\/\/api.w.org\/{rel}","templated":true}]}}