{"id":86,"date":"2023-05-20T09:10:05","date_gmt":"2023-05-20T13:10:05","guid":{"rendered":"https:\/\/virtualtec.cl\/temas\/?post_type=product&#038;p=86"},"modified":"2023-06-03T16:00:09","modified_gmt":"2023-06-03T20:00:09","slug":"pagina-web-para-barberia","status":"publish","type":"product","link":"https:\/\/virtualtec.cl\/temas\/producto\/pagina-web-para-barberia\/","title":{"rendered":"P\u00e1gina Web para Barber\u00eda"},"content":{"rendered":"<p><img decoding=\"async\" loading=\"lazy\" class=\"aligncenter size-full wp-image-241\" src=\"https:\/\/virtualtec.cl\/temas\/wp-content\/uploads\/2023\/05\/barberia-01.jpg\" alt=\"\" width=\"1400\" height=\"1716\" srcset=\"https:\/\/virtualtec.cl\/temas\/wp-content\/uploads\/2023\/05\/barberia-01.jpg 1400w, https:\/\/virtualtec.cl\/temas\/wp-content\/uploads\/2023\/05\/barberia-01-245x300.jpg 245w, https:\/\/virtualtec.cl\/temas\/wp-content\/uploads\/2023\/05\/barberia-01-835x1024.jpg 835w, https:\/\/virtualtec.cl\/temas\/wp-content\/uploads\/2023\/05\/barberia-01-768x941.jpg 768w, https:\/\/virtualtec.cl\/temas\/wp-content\/uploads\/2023\/05\/barberia-01-1253x1536.jpg 1253w, https:\/\/virtualtec.cl\/temas\/wp-content\/uploads\/2023\/05\/barberia-01-600x735.jpg 600w\" sizes=\"(max-width: 1400px) 100vw, 1400px\" \/><\/p>\n<p><img decoding=\"async\" loading=\"lazy\" class=\"aligncenter size-full wp-image-243\" src=\"https:\/\/virtualtec.cl\/temas\/wp-content\/uploads\/2023\/05\/barberia-02.jpg\" alt=\"\" width=\"1400\" height=\"1616\" srcset=\"https:\/\/virtualtec.cl\/temas\/wp-content\/uploads\/2023\/05\/barberia-02.jpg 1400w, https:\/\/virtualtec.cl\/temas\/wp-content\/uploads\/2023\/05\/barberia-02-260x300.jpg 260w, https:\/\/virtualtec.cl\/temas\/wp-content\/uploads\/2023\/05\/barberia-02-887x1024.jpg 887w, https:\/\/virtualtec.cl\/temas\/wp-content\/uploads\/2023\/05\/barberia-02-768x886.jpg 768w, https:\/\/virtualtec.cl\/temas\/wp-content\/uploads\/2023\/05\/barberia-02-1331x1536.jpg 1331w, https:\/\/virtualtec.cl\/temas\/wp-content\/uploads\/2023\/05\/barberia-02-600x693.jpg 600w\" sizes=\"(max-width: 1400px) 100vw, 1400px\" \/><\/p>\n<p><img decoding=\"async\" loading=\"lazy\" class=\"aligncenter size-full wp-image-244\" src=\"https:\/\/virtualtec.cl\/temas\/wp-content\/uploads\/2023\/05\/barberia-03.jpg\" alt=\"\" width=\"1400\" height=\"1123\" srcset=\"https:\/\/virtualtec.cl\/temas\/wp-content\/uploads\/2023\/05\/barberia-03.jpg 1400w, https:\/\/virtualtec.cl\/temas\/wp-content\/uploads\/2023\/05\/barberia-03-300x241.jpg 300w, https:\/\/virtualtec.cl\/temas\/wp-content\/uploads\/2023\/05\/barberia-03-1024x821.jpg 1024w, https:\/\/virtualtec.cl\/temas\/wp-content\/uploads\/2023\/05\/barberia-03-768x616.jpg 768w, https:\/\/virtualtec.cl\/temas\/wp-content\/uploads\/2023\/05\/barberia-03-600x481.jpg 600w\" sizes=\"(max-width: 1400px) 100vw, 1400px\" \/><\/p>\n<p><img decoding=\"async\" loading=\"lazy\" class=\"aligncenter size-full wp-image-245\" src=\"https:\/\/virtualtec.cl\/temas\/wp-content\/uploads\/2023\/05\/barberia-04.jpg\" alt=\"\" width=\"1400\" height=\"1036\" srcset=\"https:\/\/virtualtec.cl\/temas\/wp-content\/uploads\/2023\/05\/barberia-04.jpg 1400w, https:\/\/virtualtec.cl\/temas\/wp-content\/uploads\/2023\/05\/barberia-04-300x222.jpg 300w, https:\/\/virtualtec.cl\/temas\/wp-content\/uploads\/2023\/05\/barberia-04-1024x758.jpg 1024w, https:\/\/virtualtec.cl\/temas\/wp-content\/uploads\/2023\/05\/barberia-04-768x568.jpg 768w, https:\/\/virtualtec.cl\/temas\/wp-content\/uploads\/2023\/05\/barberia-04-600x444.jpg 600w\" sizes=\"(max-width: 1400px) 100vw, 1400px\" \/><\/p>\n","protected":false},"excerpt":{"rendered":"<div class=\"ver-en-vivo\"><a href=\"https:\/\/virtualtec.cl\/temas\/barberia\/\" target=\"_blank\" rel=\"noopener\">Puedes ver en Vivo nuestra web para Barber\u00eda<\/a><\/div>\n<p>Potencia tu negocio de barber\u00eda con un sitio web profesional y atractivo. Destaca tus servicios, muestra tu talento y atrae a nuevos clientes con una presencia en l\u00ednea impactante. Nuestros servicios de desarrollo de sitios web personalizados para barber\u00edas te ayudar\u00e1n a establecer tu marca, promocionar tus cortes de cabello y productos, y facilitar la reserva de citas.<\/p>\n<h2>Algunas caracter\u00edsticas<\/h2>\n<ul>\n<li>Dise\u00f1o Profesional y Atractivo<\/li>\n<li><strong>Hosting<\/strong>: 4GB, 5 cuentas de correos <strong>GRATIS por un a\u00f1o<\/strong><\/li>\n<li>Dominio .CL <strong>GRATIS por un a\u00f1o<\/strong><\/li>\n<li>Bot\u00f3n WhatsApp y RRSS<\/li>\n<li>5 p\u00e1ginas (Portada, Nosotros, Servicios, Galer\u00eda, Contacto)<\/li>\n<li>Certificado SSL<\/li>\n<\/ul>\n<p><strong>Si te gusta este dise\u00f1o<\/strong> pero no eres barbero <strong>\u00a1NO TE PREOCUPES!<\/strong> podemos adaptarla a tus necesidades laborales (empresas, oficios, profesionales de otras \u00e1reas, etc.). Solo debes elegir los colores, fotos, logo, contenidos \u00a1Y LISTO!, en tres d\u00edas podr\u00edas tener tu sitio web puesto en Internet.<\/p>\n","protected":false},"featured_media":87,"template":"","meta":[],"product_cat":[21],"product_tag":[],"_links":{"self":[{"href":"https:\/\/virtualtec.cl\/temas\/wp-json\/wp\/v2\/product\/86"}],"collection":[{"href":"https:\/\/virtualtec.cl\/temas\/wp-json\/wp\/v2\/product"}],"about":[{"href":"https:\/\/virtualtec.cl\/temas\/wp-json\/wp\/v2\/types\/product"}],"wp:featuredmedia":[{"embeddable":true,"href":"https:\/\/virtualtec.cl\/temas\/wp-json\/wp\/v2\/media\/87"}],"wp:attachment":[{"href":"https:\/\/virtualtec.cl\/temas\/wp-json\/wp\/v2\/media?parent=86"}],"wp:term":[{"taxonomy":"product_cat","embeddable":true,"href":"https:\/\/virtualtec.cl\/temas\/wp-json\/wp\/v2\/product_cat?post=86"},{"taxonomy":"product_tag","embeddable":true,"href":"https:\/\/virtualtec.cl\/temas\/wp-json\/wp\/v2\/product_tag?post=86"}],"curies":[{"name":"wp","href":"https:\/\/api.w.org\/{rel}","templated":true}]}}